{"id":909,"date":"2015-02-24T17:22:07","date_gmt":"2015-02-24T16:22:07","guid":{"rendered":"http:\/\/defi-energies17.fr\/?page_id=909"},"modified":"2019-07-28T14:29:00","modified_gmt":"2019-07-28T13:29:00","slug":"noubliez-pas-deteindre-en-sortant","status":"publish","type":"page","link":"https:\/\/defi-energies17.fr\/?page_id=909","title":{"rendered":"N&rsquo;attendons pas que \u00e7a tombe du ciel"},"content":{"rendered":"<p><a href=\"http:\/\/rcf.fr\/\" target=\"_blank\" rel=\"noopener noreferrer\"><img decoding=\"async\" loading=\"lazy\" class=\"alignright wp-image-981\" src=\"http:\/\/defi-energies17.fr\/wp-content\/uploads\/2015\/02\/logo-300x150.png\" alt=\"logo\" width=\"246\" height=\"123\" srcset=\"https:\/\/defi-energies17.fr\/wp-content\/uploads\/2015\/02\/logo-300x150.png 300w, https:\/\/defi-energies17.fr\/wp-content\/uploads\/2015\/02\/logo.png 400w\" sizes=\"(max-width: 246px) 100vw, 246px\" \/><\/a><\/p>\n<p style=\"text-align: justify;\">DE17 s&rsquo;exprime r\u00e9guli\u00e8rement sur RCF depuis plusieurs ann\u00e9es. Apr\u00e8s une s\u00e9rie 2014-2015 intitul\u00e9e \u00ab\u00a0N&rsquo;oubliez pas d&rsquo;\u00e9teindre en sortant\u00a0\u00bb -transition \u00e9nerg\u00e9tique oblige !-\u00a0 la s\u00e9rie 2015-2016 s&rsquo;ouvre \u00e0 la transition citoyenne globale, et invite \u00e0 l&rsquo;action. Son titre : <b>\u00ab\u00a0N&rsquo;attendons pas que \u00e7a tombe du ciel !<\/b><\/p>\n<p style=\"text-align: justify;\">Retrouvez ces \u00e9missions en suivant les liens ci-dessous :<\/p>\n<p>&nbsp;<\/p>\n<ul>\n<ul>\n<li>AGRICULTURE ET GAZ A EFFET DE SERRE<\/li>\n<\/ul>\n<\/ul>\n<p>Mais quelles sont les \u00e9missions en cause\u00a0?\u00a0 Leur inventaire nous indiquera \u00e0 quelles op\u00e9rations elles sont dues et comment les r\u00e9duire.<br \/>\nL\u2019activit\u00e9 agricole a par ailleurs des effets tr\u00e8s b\u00e9n\u00e9fiques. Nous les passons en revue.\u00a0 Bien s\u00fbr nous portons aussi notre regard sur la for\u00eat. On la dit \u00ab\u00a0puits de carbone\u00a0\u00bb. V\u00e9rifions\u00a0!<br \/>\nQuant aux d\u00e9chets de l&rsquo;agriculture, et surtout de l&rsquo;\u00e9levage, on peut renverser la situation\u00a0: les rendre producteurs d&rsquo;\u00e9nergie renouvelable au lieu de laisser s&rsquo;\u00e9chapper des gaz \u00e0 effet de serre qui sont li\u00e9s \u00e0 leur d\u00e9composition naturelle.<br \/>\nNous n&rsquo;oublions ni le probl\u00e8me des agro-carburants ni le potentiel des cultures \u00e9nerg\u00e9tiques\u00a0!<br \/>\n\u2026 Et puis, comme il s&rsquo;agit de la derni\u00e8re \u00e9mission de la s\u00e9rie, nous nous livrons \u00e0 un petit inventaire des meilleurs souvenirs des rencontres que nous y avons faites. Tous nous r\u00e9v\u00e8lent clairement que nous pouvons prendre notre part de cette transition globale, sans attendre que \u00e7a tombe du ciel\u00a0!<br \/>\n<iframe loading=\"lazy\" src=\"https:\/\/rcf.fr\/embed\/1343758\" width=\"100%\" height=\"220\" frameborder=\"0\"><\/iframe><\/p>\n<ul>\n<ul>\n<li>AGRICULTURE ET ALIMENTATION<\/li>\n<\/ul>\n<\/ul>\n<p>Depuis bient\u00f4t un an, nos rendez-vous consacr\u00e9s au mal fait \u00e0 la plan\u00e8te nous ont\u00a0 permis de balayer l&rsquo;\u00e9nergie, les transports, l&rsquo;habitat, l&rsquo;\u00e9conomie&#8230; et aussi la mobilisation grandissante des citoyens, et celle des \u00e9tats.<\/p>\n<p>Il est toutefois un sujet dont nous n&rsquo;avons pas encore parl\u00e9 : l&rsquo;agriculture.<br \/>\nElle occupe pourtant une place de choix\u00a0:\u00a0 ses impacts environnementaux sont importants. Ils d\u00e9pendent des mod\u00e8les agricoles privil\u00e9gi\u00e9s non seulement par les choix politiques mais aussi par nos choix de consommation.<br \/>\nTout un courant pousse \u00e0 l&rsquo;adoption -\u00e0 travers le monde entier- de \u00ab\u00a0l&rsquo;agro-\u00e9cologie\u00a0\u00bb.\u00a0 Pourquoi\u00a0? Comment\u00a0? Petit tour d&rsquo;horizon.<br \/>\n<iframe loading=\"lazy\" src=\"https:\/\/rcf.fr\/embed\/1326703\" width=\"100%\" height=\"220\" frameborder=\"0\"><\/iframe><\/p>\n<ul>\n<ul>\n<li>TRUCS ET ASTUCES, LES ECO GESTES QUI RESPECTENT PAS LA PLANETE!<\/li>\n<\/ul>\n<\/ul>\n<p>L\u2019accord de Paris issu de la COP 21 a \u00e9t\u00e9 sign\u00e9 \u00e0 New York le 24 avril, mais les accords entre \u00e9tats ne suffiront pas si les citoyens ne prennent pas les choses \u00e0 leur compte.<br \/>\nMettons donc en \u0153uvre les \u00e9co-gestes qui respectent la plan\u00e8te. Et pour notre habitat, premier secteur consommateur d\u2019\u00e9nergie, essayons d\u2019appliquer la trilogie\u00a0: r\u00e9duction des besoins en \u00e9nergie, am\u00e9lioration de la performance des syst\u00e8mes, et enfin recours aux \u00e9nergies renouvelables.<br \/>\nAlors voici quelques conseils car \u2026 N&rsquo;ATTENDONS PAS QUE \u00c7A TOMBE DU CIEL\u00a0!<br \/>\n<iframe loading=\"lazy\" src=\"https:\/\/rcf.fr\/embed\/1304590\" width=\"100%\" height=\"220\" frameborder=\"0\"><\/iframe><\/p>\n<ul>\n<ul>\n<li>TORDRE LE COUP A QUELQUES IDEES RECUES<\/li>\n<\/ul>\n<\/ul>\n<p>https:\/\/rcf.fr\/actualite\/environnement\/tordre-le-cou-quelques-idees-recues<\/p>\n<p>Notre association D\u00e9fi Energies 17 participe \u00e0 de nombreux \u00e9v\u00e9nements publics sur la r\u00e9gion rochelaise. C\u2019est \u00e0 chaque fois l\u2019occasion de pr\u00e9senter nos actions de soutien aux \u00e9conomies d\u2019\u00e9nergie et au d\u00e9veloppement des \u00e9nergies renouvelables.<br \/>\nC\u2019est aussi la possibilit\u00e9 d\u2019\u00e9changer sur ces th\u00e9matiques avec les personnes int\u00e9ress\u00e9es par notre stand. Chacun peut faire part de son int\u00e9r\u00eat pour certaines fili\u00e8res, et parfois ses r\u00e9serves ou m\u00eame son rejet pour d\u2019autres.<br \/>\nDans ces discussions, nous constatons souvent \u00e0 quel point un certain nombre d\u2019id\u00e9es fausses sont ancr\u00e9es, en toute bonne foi, dans l\u2019esprit de nos interlocuteurs. C\u2019est sur quelques-uns de ces clich\u00e9s que nous nous penchons aujourd\u2019hui, arguments en main.<\/p>\n<ul>\n<ul>\n<li>LE PRIX DU PETROLE BAISSE: ET ALORS ?<\/li>\n<\/ul>\n<\/ul>\n<p>Si vous avez des amis qui trouvent que c&rsquo;est chouette et qu&rsquo;il faut en profiter &#8230;<br \/>\n&#8230; envoyez-les donc faire un tour avec D\u00e9fi \u00c9nergies 17.\u00a0 On leur fera faire une petite balade, un tour d&rsquo;horizon de la transition \u00e9nerg\u00e9tique en Charente-Maritime et dans le monde.<br \/>\nAvec quelques r\u00e9v\u00e9lations sur la finance qui s&rsquo;y met et sur les \u00e9oliennes quand elles s&rsquo;arr\u00eatent.<br \/>\n<big><big><\/big><\/big><br \/>\n<iframe loading=\"lazy\" src=\"https:\/\/rcf.fr\/embed\/1261157\" width=\"100%\" height=\"220\" frameborder=\"0\"><\/iframe><\/p>\n<p>&nbsp;<\/p>\n<ul>\n<ul>\n<li>SOBRI\u00c9T\u00c9 HEUREUSE!<\/li>\n<\/ul>\n<\/ul>\n<p><span style=\"color: #000000;\"><span style=\"font-family: Calibri,sans-serif;\"><span style=\"font-size: medium;\">On n&rsquo;a pas attendu les 30 glorieuses pour voir remettre en cause la poursuite effr\u00e9n\u00e9e de la richesse par quelques uns, ou ou pour s&rsquo;inqui\u00e9ter de l&rsquo;\u00e9trange bri\u00e8vet\u00e9 de la satisfaction qui succ\u00e8de \u00e0 nos actes d&rsquo;achats. Des penseurs de l&rsquo;antiquit\u00e9 nous alertaient d\u00e9j\u00e0\u00a0!<\/span><\/span><\/span><\/p>\n<p><span style=\"color: #000000;\"><span style=\"font-family: Calibri,sans-serif;\"><span style=\"font-size: medium;\">Leurs arguments ont vari\u00e9 dans l&rsquo;histoire. Aujourd&rsquo;hui on en retient 2 en priorit\u00e9\u00a0:<\/span><\/span><\/span><\/p>\n<ul>\n<li><span style=\"color: #000000;\"><span style=\"font-family: Calibri,sans-serif;\"><span style=\"font-size: medium;\">au niveau individuel, la perte de sens qui r\u00e9sulte de cette addiction<\/span><\/span><\/span><\/li>\n<li><span style=\"color: #000000;\"><span style=\"font-family: Calibri,sans-serif;\"><span style=\"font-size: medium;\">au niveau collectif, la d\u00e9gradation de la plan\u00e8te qui r\u00e9sulte de l&rsquo;exc\u00e8s de pr\u00e9l\u00e8vement dans ses ressources, et des dommages annonc\u00e9s du changement climatique.<\/span><\/span><\/span><\/li>\n<\/ul>\n<p><span style=\"color: #000000;\"><span style=\"font-family: Calibri,sans-serif;\"><span style=\"font-size: medium;\">Cette \u00e9mission pr\u00e9sente quelques analyses de notre parcours de pays occidental, et quelques rencontres avec des \u00ab\u00a0r\u00e9sistants\u00a0\u00bb qui trouvent leur bonheur dans ce qu&rsquo;on appelle la \u00ab\u00a0sobri\u00e9t\u00e9 heureuse\u00a0\u00bb.<\/span><\/span><\/span><\/p>\n<p><iframe loading=\"lazy\" src=\"https:\/\/rcf.fr\/embed\/1239380\" width=\"100%\" height=\"220\" frameborder=\"0\"><\/iframe><\/p>\n<p>&nbsp;<\/p>\n<ul>\n<li>\n<p align=\"LEFT\">L&rsquo;ACCORD ISSU DE LA COP 21, ET COMMENT ALLER PLUS LOIN:<\/p>\n<\/li>\n<\/ul>\n<p><span style=\"color: #000000;\"><span style=\"font-family: Calibri,sans-serif;\"><span style=\"font-size: medium;\">La COP 21, conf\u00e9rence mondiale sur le climat tenue au Bourget en d\u00e9cembre 2015, a marqu\u00e9 un net progr\u00e8s dans la lutte contre le changement climatique. Pourtant si on s&rsquo;en tenait \u00e0 l&rsquo;accord qui en est issu ce serait fichu pour le climat. Heureusement nous pouvons nous inscrire dans divers mouvements qui permettent de repousser les murs de cette impuissance. Nous faisons ici l&rsquo;analyse de la situation \u00ab\u00a0post-COP 21\u00a0\u00bb, des lourdeurs et des espoirs.<\/span><\/span><\/span><iframe loading=\"lazy\" src=\"https:\/\/rcf.fr\/embed\/1219369\" width=\"100%\" height=\"220\" frameborder=\"0\"><\/iframe><\/p>\n<p>&nbsp;<\/p>\n<ul>\n<li>COP 21, ambiance:<\/li>\n<\/ul>\n<p><iframe loading=\"lazy\" src=\"https:\/\/rcf.fr\/embed\/1202227\" width=\"100%\" height=\"220\" frameborder=\"0\"><\/iframe><\/p>\n<ul>\n<li>A QUOI SERT L\u2019\u00c9CONOMIE?:\u00a0<b> <\/b><\/li>\n<\/ul>\n<p><span style=\"color: #000000;\"><span style=\"font-family: Calibri,sans-serif;\"><span style=\"font-size: medium;\"><b>A quoi \u00e7a sert l&rsquo;\u00e9conomie\u00a0?<\/b> A augmenter encore et toujours la production de biens et services nous dit-on. Mais, alors que les ressources de la terre sont limit\u00e9es et que le r\u00e9chauffement climatique nous impose de changer de route, \u00e0 quoi sert d&rsquo;en faire plus\u00a0? N&rsquo;a-t-on pas plut\u00f4t un probl\u00e8me de r\u00e9partition\u00a0? <\/span><\/span><\/span><\/p>\n<p><span style=\"color: #000000;\"><span style=\"font-family: Calibri,sans-serif;\"><span style=\"font-size: medium;\"><b>Et au fait, comment \u00e7a marche l&rsquo;\u00e9conomie\u00a0?<\/b><\/span><\/span><\/span><\/p>\n<p><span style=\"color: #000000;\"><span style=\"font-family: Calibri,sans-serif;\"><span style=\"font-size: medium;\">De la Gr\u00e8ce aux bulles financi\u00e8res, on d\u00e9construit quelques mythes, et surtout on est invit\u00e9 \u00e0 sortir des id\u00e9es toutes faites, du discours dominant. Il y a d&rsquo;autres \u00e9conomistes \u00e0 lire et \u00e0 \u00e9couter, d&rsquo;autres valeurs \u00e0 mettre au service de ce qui nous tient \u00e0 coeur, et plein de pistes d&rsquo;action.<\/span><\/span><\/span><\/p>\n<p><iframe loading=\"lazy\" src=\"https:\/\/rcf.fr\/embed\/1171328\" width=\"100%\" height=\"220\" frameborder=\"0\"><\/iframe><\/p>\n<ul>\n<li>Le changement climatique<span style=\"font-size: large;\"><span style=\"color: #000000;\"><span style=\"font-family: Liberation Serif,serif;\"><span style=\"font-size: large;\">: <\/span><\/span><\/span><\/span>pour r\u00e9\u00e9couter, c&rsquo;est <a href=\"https:\/\/rcf.fr\/actualite\/environnement\/le-changement-climatique\">ICI<\/a><\/li>\n<\/ul>\n<p>La prochaine conf\u00e9rence mondiale pour le climat, la COP 21, a lieu \u00e0 Paris en d\u00e9cembre 2015. Les 20 pr\u00e9c\u00e9dentes ont abouti \u00e0 si peu de r\u00e9sultats que celle-ci \u00e9tait qualifi\u00e9e de \u00ab\u00a0conf\u00e9rence de la derni\u00e8re chance\u00a0\u00bb, au point que de nombreux chefs d&rsquo;\u00e9tats y ont particip\u00e9 en personnes.<\/p>\n<p>Pour qu&rsquo;ils osent passer de la comp\u00e9tition \u00e0 la coop\u00e9ration, ils faut qu&rsquo;ils ressentent \u00e0 quel point les opinions publiques sont en attente d&rsquo;initiatives enfin \u00e0 la hauteur des enjeux.<\/p>\n<p>Deux mois avant cet \u00e9v\u00e9nement, les grands t\u00e9moins comme les acteurs locaux s&rsquo;y sont employ\u00e9s avec d\u00e9termination. Nous en avons rencontr\u00e9. En voici quelques uns.<\/p>\n<ul>\n<li><span style=\"font-family: Liberation Serif,serif;\"><span style=\"font-size: medium;\"><span style=\"font-size: large;\">Voir la plan\u00e8te \u00e0 travers la biodiversit\u00e9<span style=\"font-size: large;\"><span style=\"color: #000000;\"><span style=\"font-family: Liberation Serif,serif;\">:\u00a0<\/span><\/span><\/span><\/span><\/span><\/span><\/li>\n<\/ul>\n<p>C&rsquo;est fou ce que deux grands t\u00e9moins, Gilles Boeuf (oc\u00e9anologue et biologiste) et Isabelle Autissier (navigatrice et auteure litt\u00e9raire) nous font d\u00e9couvrir \u00e0 travers leurs observations.<br \/>\nDes ressources de la p\u00eache \u00e0 la captation du CO2 en passant par la lutte contre le cancer, nous comprenons combien la biodiversit\u00e9 est une ressource incroyable en solutions parfois inattendues.<br \/>\nSon effondrement actuel, compar\u00e9 \u00e0 ceux que la pal\u00e9ontologie nous a r\u00e9v\u00e9l\u00e9s, est avec eux une occasion de r\u00e9flexions salutaires sur notre \u00e9poque de pillage de la plan\u00e8te.<\/p>\n<!--[if lt IE 9]><script>document.createElement('audio');<\/script><![endif]-->\n<audio class=\"wp-audio-shortcode\" id=\"audio-909-1\" preload=\"none\" style=\"width: 100%;\" controls=\"controls\"><source type=\"audio\/mpeg\" src=\"https:\/\/rcf.fr\/sites\/default\/static.rcf.fr\/diffusions\/RCF17\/RCF17_DEFI_20150918_1130.mp3?_=1\" \/><a href=\"https:\/\/rcf.fr\/sites\/default\/static.rcf.fr\/diffusions\/RCF17\/RCF17_DEFI_20150918_1130.mp3\">https:\/\/rcf.fr\/sites\/default\/static.rcf.fr\/diffusions\/RCF17\/RCF17_DEFI_20150918_1130.mp3<\/a><\/audio>\n<h2><\/h2>\n<hr \/>\n<h2><\/h2>\n<h1>Emission: \u00ab\u00a0N&rsquo;oubliez pas d&rsquo;\u00e9teindre en sortant\u00a0\u00bb<\/h1>\n<ul>\n<li style=\"text-align: justify;\">Devenez producteur photovolta\u00efque &#8211; 04\/2015<\/li>\n<\/ul>\n<p><iframe loading=\"lazy\" src=\"https:\/\/rcf.fr\/embed\/1029977\" width=\"300\" height=\"150\" frameborder=\"0\"><\/iframe><\/p>\n<ul>\n<li>Table ronde, financement citoyen des EnR &#8211; 03\/2015 : pour r\u00e9\u00e9couter, c&rsquo;est <a href=\"http:\/\/rcf.fr\/sites\/default\/static.rcf.fr\/diffusions\/RCF17\/RCF17_DEFI_20150410_1130.mp3\" target=\"_blank\" rel=\"noopener noreferrer\">ICI<\/a><\/li>\n<\/ul>\n<ul>\n<li>Habiter demain &#8211; 03\/2015<\/li>\n<\/ul>\n<p><iframe loading=\"lazy\" src=\"https:\/\/rcf.fr\/embed\/979520\" width=\"300\" height=\"150\" frameborder=\"0\"><\/iframe><\/p>\n<ul>\n<li>2\u00e8me \u00e9mission sur l&rsquo;habitat\u00a0 &#8211; 13\/02\/2015<\/li>\n<\/ul>\n<p><iframe loading=\"lazy\" src=\"http:\/\/rcf.fr\/embed\/964452\" width=\"300\" height=\"150\" frameborder=\"0\"><\/iframe><\/p>\n<ul>\n<li>\u00a0Habiter autrement ensemble &#8211; 16\/01\/2015<\/li>\n<\/ul>\n<p><iframe loading=\"lazy\" src=\"http:\/\/rcf.fr\/embed\/979078\" width=\"300\" height=\"150\" frameborder=\"0\"><\/iframe><\/p>\n<ul>\n<li>\u00c9conomiser l&rsquo;\u00e9nergie dans l&rsquo;habitat &#8211; 16\/12\/2014<\/li>\n<\/ul>\n<p><iframe loading=\"lazy\" src=\"http:\/\/rcf.fr\/embed\/959251\" width=\"300\" height=\"150\" frameborder=\"0\"><\/iframe><\/p>\n<ul>\n<li>Les banques &#8211; 11\/2015 : pour r\u00e9\u00e9couter, c&rsquo;est <a href=\"http:\/\/rcf.fr\/propos-des-banques\" target=\"_blank\" rel=\"noopener noreferrer\">ICI<\/a><\/li>\n<li>L&rsquo;\u00e9pargne citoyenne &#8211; 10\/2015 : pour r\u00e9\u00e9couter, c&rsquo;est <a href=\"http:\/\/rcf.fr\/comment-les-citoyens-peuvent-orienter-leconomie-avec-leur-epargne\" target=\"_blank\" rel=\"noopener noreferrer\">ICI<\/a><\/li>\n<li>SCOP et SCIC &#8211; 09\/2015 : pour r\u00e9\u00e9couter, c&rsquo;est <a href=\"http:\/\/rcf.fr\/le-modele-des-scop-et-scic\" target=\"_blank\" rel=\"noopener noreferrer\">ICI<\/a><\/li>\n<\/ul>\n<p>&nbsp;<\/p>\n","protected":false},"excerpt":{"rendered":"<p>DE17 s&rsquo;exprime r\u00e9guli\u00e8rement sur RCF depuis plusieurs ann\u00e9es. Apr\u00e8s une s\u00e9rie 2014-2015 intitul\u00e9e \u00ab\u00a0N&rsquo;oubliez pas d&rsquo;\u00e9teindre en sortant\u00a0\u00bb -transition \u00e9nerg\u00e9tique oblige !-\u00a0 la s\u00e9rie 2015-2016 s&rsquo;ouvre \u00e0 la transition citoyenne globale, et invite \u00e0 l&rsquo;action. Son titre : \u00ab\u00a0N&rsquo;attendons pas que \u00e7a tombe du ciel ! Retrouvez ces \u00e9missions en suivant les liens ci-dessous : [&hellip;]<\/p>\n","protected":false},"author":1,"featured_media":0,"parent":0,"menu_order":0,"comment_status":"closed","ping_status":"open","template":"","meta":[],"_links":{"self":[{"href":"https:\/\/defi-energies17.fr\/index.php?rest_route=\/wp\/v2\/pages\/909"}],"collection":[{"href":"https:\/\/defi-energies17.fr\/index.php?rest_route=\/wp\/v2\/pages"}],"about":[{"href":"https:\/\/defi-energies17.fr\/index.php?rest_route=\/wp\/v2\/types\/page"}],"author":[{"embeddable":true,"href":"https:\/\/defi-energies17.fr\/index.php?rest_route=\/wp\/v2\/users\/1"}],"replies":[{"embeddable":true,"href":"https:\/\/defi-energies17.fr\/index.php?rest_route=%2Fwp%2Fv2%2Fcomments&post=909"}],"version-history":[{"count":30,"href":"https:\/\/defi-energies17.fr\/index.php?rest_route=\/wp\/v2\/pages\/909\/revisions"}],"predecessor-version":[{"id":1479,"href":"https:\/\/defi-energies17.fr\/index.php?rest_route=\/wp\/v2\/pages\/909\/revisions\/1479"}],"wp:attachment":[{"href":"https:\/\/defi-energies17.fr\/index.php?rest_route=%2Fwp%2Fv2%2Fmedia&parent=909"}],"curies":[{"name":"wp","href":"https:\/\/api.w.org\/{rel}","templated":true}]}}