{"id":865,"date":"2015-02-23T15:22:26","date_gmt":"2015-02-23T14:22:26","guid":{"rendered":"http:\/\/defi-energies17.fr\/?page_id=865"},"modified":"2019-07-28T14:29:00","modified_gmt":"2019-07-28T13:29:00","slug":"la-minute-de-lenergie","status":"publish","type":"page","link":"https:\/\/defi-energies17.fr\/?page_id=865","title":{"rendered":"La Minute de l&rsquo;\u00e9nergie"},"content":{"rendered":"<p style=\"text-align: justify;\"><a href=\"http:\/\/defi-energies17.fr\/wp-content\/uploads\/2015\/02\/Logo-H\u00e9l\u00e8ne-FM-2009-e1387556686150.jpg\" target=\"_blank\" rel=\"noopener noreferrer\"><img decoding=\"async\" loading=\"lazy\" class=\"wp-image-979 size-full alignright\" src=\"http:\/\/defi-energies17.fr\/wp-content\/uploads\/2015\/02\/Logo-H\u00e9l\u00e8ne-FM-2009-e1387556686150.jpg\" alt=\"Logo-H\u00e9l\u00e8ne-FM-2009-e1387556686150\" width=\"250\" height=\"133\" \/><\/a><\/p>\n<p style=\"text-align: justify;\">Entre avril 2013 et janvier 2015, l&rsquo;association a propos\u00e9 une chronique de 2\/3 minutes sur les ondes d&rsquo;H\u00e9l\u00e8ne FM, radio associative locale du territoire Aunis Sud. Chaque semaine, une nouvelle th\u00e9matique a \u00e9t\u00e9 abord\u00e9e et rien n&rsquo;a \u00e9t\u00e9 laiss\u00e9 de cot\u00e9 : \u00e9co-gestes, isolation, syst\u00e8me de chauffage, ventilation, tout y passe !<\/p>\n<p>&nbsp;<\/p>\n<p style=\"text-align: justify;\">Pour r\u00e9-\u00e9couter les chroniques, cliquez <span style=\"text-decoration: underline;\"><strong><a href=\"http:\/\/www.helenefm.com\/?cat=18\" target=\"_blank\" rel=\"noopener noreferrer\">ICI<\/a><\/strong><\/span><\/p>\n","protected":false},"excerpt":{"rendered":"<p>Entre avril 2013 et janvier 2015, l&rsquo;association a propos\u00e9 une chronique de 2\/3 minutes sur les ondes d&rsquo;H\u00e9l\u00e8ne FM, radio associative locale du territoire Aunis Sud. Chaque semaine, une nouvelle th\u00e9matique a \u00e9t\u00e9 abord\u00e9e et rien n&rsquo;a \u00e9t\u00e9 laiss\u00e9 de cot\u00e9 : \u00e9co-gestes, isolation, syst\u00e8me de chauffage, ventilation, tout y passe ! &nbsp; Pour r\u00e9-\u00e9couter [&hellip;]<\/p>\n","protected":false},"author":1,"featured_media":0,"parent":0,"menu_order":0,"comment_status":"closed","ping_status":"open","template":"","meta":[],"_links":{"self":[{"href":"https:\/\/defi-energies17.fr\/index.php?rest_route=\/wp\/v2\/pages\/865"}],"collection":[{"href":"https:\/\/defi-energies17.fr\/index.php?rest_route=\/wp\/v2\/pages"}],"about":[{"href":"https:\/\/defi-energies17.fr\/index.php?rest_route=\/wp\/v2\/types\/page"}],"author":[{"embeddable":true,"href":"https:\/\/defi-energies17.fr\/index.php?rest_route=\/wp\/v2\/users\/1"}],"replies":[{"embeddable":true,"href":"https:\/\/defi-energies17.fr\/index.php?rest_route=%2Fwp%2Fv2%2Fcomments&post=865"}],"version-history":[{"count":9,"href":"https:\/\/defi-energies17.fr\/index.php?rest_route=\/wp\/v2\/pages\/865\/revisions"}],"predecessor-version":[{"id":1480,"href":"https:\/\/defi-energies17.fr\/index.php?rest_route=\/wp\/v2\/pages\/865\/revisions\/1480"}],"wp:attachment":[{"href":"https:\/\/defi-energies17.fr\/index.php?rest_route=%2Fwp%2Fv2%2Fmedia&parent=865"}],"curies":[{"name":"wp","href":"https:\/\/api.w.org\/{rel}","templated":true}]}}