{"id":708,"date":"2015-01-29T10:21:12","date_gmt":"2015-01-29T09:21:12","guid":{"rendered":"http:\/\/defi-energies17.fr\/?page_id=708"},"modified":"2019-07-28T14:29:00","modified_gmt":"2019-07-28T13:29:00","slug":"lettre-dinfos-n-49","status":"publish","type":"page","link":"https:\/\/defi-energies17.fr\/?page_id=708","title":{"rendered":"Lettre d&rsquo;infos n\u00b0 49"},"content":{"rendered":"<p><span id=\"yui_3_16_0_1_1422520227212_12402\" style=\"font-family: Calibri;\"><span id=\"yui_3_16_0_1_1422520227212_12401\" style=\"font-family: Calibri;\">D\u00e9couvrez la lettre d&rsquo;infos n\u00b049 en cliquant <big id=\"yui_3_16_0_1_1422520227212_12400\"><b id=\"yui_3_16_0_1_1422520227212_12399\"><a id=\"yui_3_16_0_1_1422520227212_12398\" href=\"http:\/\/defi-energies17.fr\/wp-content\/uploads\/2015\/01\/DE17-Infos-n%C2%B0-49-janv.-2015.pdf\" target=\"_blank\" rel=\"nofollow noopener noreferrer\">ICI<\/a><\/b><\/big><\/span><\/span><\/p>\n<p>Vous pourrez entre autres y lire :<\/p>\n<ul id=\"yui_3_16_0_1_1422520227212_12340\">\n<li id=\"yui_3_16_0_1_1422520227212_12339\">\u00c9cotaxe et fiscalit\u00e9 \u00e9cologique, prenons du recul<\/li>\n<li id=\"yui_3_16_0_1_1422520227212_12380\">De Lumo \u00e0 Citizenergy =&gt; <span id=\"yui_3_16_0_1_1422520227212_12409\" style=\"color: #666666;\"><em id=\"yui_3_16_0_1_1422520227212_12408\">le financement citoyen \u00e9volue<\/em><\/span><\/li>\n<li id=\"yui_3_16_0_1_1422520227212_12378\">Une petite nouvelle \u00e0 D\u00e9fi \u00c9nergies 17<em id=\"yui_3_16_0_1_1422520227212_12377\"> <span id=\"yui_3_16_0_1_1422520227212_12376\" style=\"color: #666666;\">=&gt; pr\u00e9sentation de la nouvelle salari\u00e9e de l\u2019association<\/span><\/em><\/li>\n<li id=\"yui_3_16_0_1_1422520227212_12343\">D\u00e9m\u00e9nagement du mat\u00e9riel p\u00e9dagogique <span id=\"yui_3_16_0_1_1422520227212_12342\" style=\"color: #666666;\">=&gt; <em id=\"yui_3_16_0_1_1422520227212_12374\">de Marsais \u00e0 St Germain de Marencennes, r\u00e9cit d\u2019un d\u00e9m\u00e9nagement<\/em><\/span><\/li>\n<\/ul>\n<p>&nbsp;<\/p>\n<p><a href=\"http:\/\/defi-energies17.fr\/wp-content\/uploads\/2015\/01\/DE17-Infos-n%C2%B0-49-janv.-2015.pdf\" target=\"_blank\" rel=\"noopener noreferrer\"><img decoding=\"async\" loading=\"lazy\" class=\" size-medium wp-image-712 aligncenter\" src=\"http:\/\/defi-energies17.fr\/wp-content\/uploads\/2015\/01\/Page-1-bulletin-49-225x300.png\" alt=\"Page 1 bulletin 49\" width=\"225\" height=\"300\" srcset=\"https:\/\/defi-energies17.fr\/wp-content\/uploads\/2015\/01\/Page-1-bulletin-49-225x300.png 225w, https:\/\/defi-energies17.fr\/wp-content\/uploads\/2015\/01\/Page-1-bulletin-49-113x150.png 113w, https:\/\/defi-energies17.fr\/wp-content\/uploads\/2015\/01\/Page-1-bulletin-49-769x1024.png 769w, https:\/\/defi-energies17.fr\/wp-content\/uploads\/2015\/01\/Page-1-bulletin-49.png 1015w\" sizes=\"(max-width: 225px) 100vw, 225px\" \/><\/a><\/p>\n<p>&nbsp;<\/p>\n","protected":false},"excerpt":{"rendered":"<p>D\u00e9couvrez la lettre d&rsquo;infos n\u00b049 en cliquant ICI Vous pourrez entre autres y lire : \u00c9cotaxe et fiscalit\u00e9 \u00e9cologique, prenons du recul De Lumo \u00e0 Citizenergy =&gt; le financement citoyen \u00e9volue Une petite nouvelle \u00e0 D\u00e9fi \u00c9nergies 17 =&gt; pr\u00e9sentation de la nouvelle salari\u00e9e de l\u2019association D\u00e9m\u00e9nagement du mat\u00e9riel p\u00e9dagogique =&gt; de Marsais \u00e0 St [&hellip;]<\/p>\n","protected":false},"author":2,"featured_media":0,"parent":173,"menu_order":0,"comment_status":"closed","ping_status":"open","template":"","meta":[],"_links":{"self":[{"href":"https:\/\/defi-energies17.fr\/index.php?rest_route=\/wp\/v2\/pages\/708"}],"collection":[{"href":"https:\/\/defi-energies17.fr\/index.php?rest_route=\/wp\/v2\/pages"}],"about":[{"href":"https:\/\/defi-energies17.fr\/index.php?rest_route=\/wp\/v2\/types\/page"}],"author":[{"embeddable":true,"href":"https:\/\/defi-energies17.fr\/index.php?rest_route=\/wp\/v2\/users\/2"}],"replies":[{"embeddable":true,"href":"https:\/\/defi-energies17.fr\/index.php?rest_route=%2Fwp%2Fv2%2Fcomments&post=708"}],"version-history":[{"count":5,"href":"https:\/\/defi-energies17.fr\/index.php?rest_route=\/wp\/v2\/pages\/708\/revisions"}],"predecessor-version":[{"id":1475,"href":"https:\/\/defi-energies17.fr\/index.php?rest_route=\/wp\/v2\/pages\/708\/revisions\/1475"}],"up":[{"embeddable":true,"href":"https:\/\/defi-energies17.fr\/index.php?rest_route=\/wp\/v2\/pages\/173"}],"wp:attachment":[{"href":"https:\/\/defi-energies17.fr\/index.php?rest_route=%2Fwp%2Fv2%2Fmedia&parent=708"}],"curies":[{"name":"wp","href":"https:\/\/api.w.org\/{rel}","templated":true}]}}