{"id":46,"date":"2014-03-25T17:04:22","date_gmt":"2014-03-25T16:04:22","guid":{"rendered":"http:\/\/defi-energies17.fr\/?page_id=46"},"modified":"2019-07-28T18:33:08","modified_gmt":"2019-07-28T17:33:08","slug":"que-sest-passe-recemment","status":"publish","type":"page","link":"https:\/\/defi-energies17.fr\/?page_id=46","title":{"rendered":"Sensibilisation et animation"},"content":{"rendered":"<p style=\"text-align: justify;\">L&rsquo;association est \u00e9galement pr\u00e9sente sur le terrain pour vous proposer des animations sur le th\u00e8me de l&rsquo;\u00e9nergie.<\/p>\n<p style=\"text-align: justify;\">Ses actions peuvent prendre plusieurs formes :<\/p>\n<ul style=\"text-align: justify;\">\n<li>Visites de sites : maison r\u00e9nov\u00e9e, b\u00e2timent BEPOS, site \u00e9olien, installation photovolta\u00efque&#8230;<\/li>\n<li>Conf\u00e9rence-d\u00e9bat sur des th\u00e8mes li\u00e9s \u00e0 l&rsquo;\u00e9nergie : DPE, r\u00e9novation performante, \u00e9nergies renouvelables&#8230;<\/li>\n<li>Tenue de stand sur des manifestations : salon de l&rsquo;habitat, forum des associations, foire \u00e9cologique&#8230;.<\/li>\n<li>Sensibilisation des adultes et des enfants (se rapporter \u00e0 l&rsquo;espace p\u00e9dagogiques pour plus d&rsquo;informations)<\/li>\n<li>Pr\u00e9sence sur les radios locales pour des \u00e9missions et chroniques<\/li>\n<\/ul>\n<p style=\"text-align: justify;\">Si vous souhaitez mettre en place une action de sensibilisation en partenariat avec l&rsquo;EIE n&rsquo;h\u00e9sitez pas \u00e0 prendre <a title=\"Nous contacter\" href=\"http:\/\/defi-energies17.fr\/?page_id=103\">contact<\/a> avec l&rsquo;association, nous pourrons vous accompagner sur le montage du projet et construire avec vous un projet adapt\u00e9 \u00e0 vos besoins.<\/p>\n","protected":false},"excerpt":{"rendered":"<p>L&rsquo;association est \u00e9galement pr\u00e9sente sur le terrain pour vous proposer des animations sur le th\u00e8me de l&rsquo;\u00e9nergie. Ses actions peuvent prendre plusieurs formes : Visites de sites : maison r\u00e9nov\u00e9e, b\u00e2timent BEPOS, site \u00e9olien, installation photovolta\u00efque&#8230; Conf\u00e9rence-d\u00e9bat sur des th\u00e8mes li\u00e9s \u00e0 l&rsquo;\u00e9nergie : DPE, r\u00e9novation performante, \u00e9nergies renouvelables&#8230; Tenue de stand sur des manifestations [&hellip;]<\/p>\n","protected":false},"author":1,"featured_media":0,"parent":30,"menu_order":1,"comment_status":"closed","ping_status":"closed","template":"","meta":[],"_links":{"self":[{"href":"https:\/\/defi-energies17.fr\/index.php?rest_route=\/wp\/v2\/pages\/46"}],"collection":[{"href":"https:\/\/defi-energies17.fr\/index.php?rest_route=\/wp\/v2\/pages"}],"about":[{"href":"https:\/\/defi-energies17.fr\/index.php?rest_route=\/wp\/v2\/types\/page"}],"author":[{"embeddable":true,"href":"https:\/\/defi-energies17.fr\/index.php?rest_route=\/wp\/v2\/users\/1"}],"replies":[{"embeddable":true,"href":"https:\/\/defi-energies17.fr\/index.php?rest_route=%2Fwp%2Fv2%2Fcomments&post=46"}],"version-history":[{"count":4,"href":"https:\/\/defi-energies17.fr\/index.php?rest_route=\/wp\/v2\/pages\/46\/revisions"}],"predecessor-version":[{"id":452,"href":"https:\/\/defi-energies17.fr\/index.php?rest_route=\/wp\/v2\/pages\/46\/revisions\/452"}],"up":[{"embeddable":true,"href":"https:\/\/defi-energies17.fr\/index.php?rest_route=\/wp\/v2\/pages\/30"}],"wp:attachment":[{"href":"https:\/\/defi-energies17.fr\/index.php?rest_route=%2Fwp%2Fv2%2Fmedia&parent=46"}],"curies":[{"name":"wp","href":"https:\/\/api.w.org\/{rel}","templated":true}]}}