{"id":41,"date":"2014-03-25T16:57:25","date_gmt":"2014-03-25T15:57:25","guid":{"rendered":"http:\/\/defi-energies17.fr\/?page_id=41"},"modified":"2019-07-28T14:29:01","modified_gmt":"2019-07-28T13:29:01","slug":"articles","status":"publish","type":"page","link":"https:\/\/defi-energies17.fr\/?page_id=41","title":{"rendered":"Articles"},"content":{"rendered":"<p>Seront publi\u00e9s sur cette page les articles r\u00e9dig\u00e9s par l&rsquo;association.<\/p>\n","protected":false},"excerpt":{"rendered":"<p>Seront publi\u00e9s sur cette page les articles r\u00e9dig\u00e9s par l&rsquo;association.<\/p>\n","protected":false},"author":1,"featured_media":0,"parent":0,"menu_order":0,"comment_status":"closed","ping_status":"open","template":"","meta":[],"_links":{"self":[{"href":"https:\/\/defi-energies17.fr\/index.php?rest_route=\/wp\/v2\/pages\/41"}],"collection":[{"href":"https:\/\/defi-energies17.fr\/index.php?rest_route=\/wp\/v2\/pages"}],"about":[{"href":"https:\/\/defi-energies17.fr\/index.php?rest_route=\/wp\/v2\/types\/page"}],"author":[{"embeddable":true,"href":"https:\/\/defi-energies17.fr\/index.php?rest_route=\/wp\/v2\/users\/1"}],"replies":[{"embeddable":true,"href":"https:\/\/defi-energies17.fr\/index.php?rest_route=%2Fwp%2Fv2%2Fcomments&post=41"}],"version-history":[{"count":1,"href":"https:\/\/defi-energies17.fr\/index.php?rest_route=\/wp\/v2\/pages\/41\/revisions"}],"predecessor-version":[{"id":43,"href":"https:\/\/defi-energies17.fr\/index.php?rest_route=\/wp\/v2\/pages\/41\/revisions\/43"}],"wp:attachment":[{"href":"https:\/\/defi-energies17.fr\/index.php?rest_route=%2Fwp%2Fv2%2Fmedia&parent=41"}],"curies":[{"name":"wp","href":"https:\/\/api.w.org\/{rel}","templated":true}]}}