{"id":376,"date":"2014-12-08T14:46:39","date_gmt":"2014-12-08T13:46:39","guid":{"rendered":"http:\/\/defi-energies17.fr\/?page_id=376"},"modified":"2019-07-28T14:29:01","modified_gmt":"2019-07-28T13:29:01","slug":"transition-energetique","status":"publish","type":"page","link":"https:\/\/defi-energies17.fr\/?page_id=376","title":{"rendered":"Transition Energ\u00e9tique"},"content":{"rendered":"<p><strong>C\u2019est quoi ?<\/strong><\/p>\n<p style=\"text-align: justify;\">C\u2019est le passage de l\u2019actuel syst\u00e8me \u00e9nerg\u00e9tique bas\u00e9 sur des sources d\u2019\u00e9nergie non renouvelables (p\u00e9trole, gaz, charbon et uranium) \u00e0 un syst\u00e8me \u00e9nerg\u00e9tique bas\u00e9 sur des sources d\u2019\u00e9nergie renouvelable (soleil, vent, g\u00e9othermie, biomasse).<br \/>\nCe passage progressif implique donc une modification totale de la politique \u00e9nerg\u00e9tique mondiale.<\/p>\n<p style=\"text-align: justify;\"><strong>Pourquoi ?<\/strong><\/p>\n<p style=\"text-align: justify;\">Cette transition est n\u00e9cessaire pour plusieurs raisons :<\/p>\n<p style=\"text-align: justify;\">1. Les sources d\u2019\u00e9nergies non renouvelables comme l\u2019indique leur nom ne seront pas disponible ind\u00e9finiment. Leurs stocks ne se reconstituent pas (uranium) ou se reconstituent sur des cycles de plusieurs millions d\u2019ann\u00e9es (cycle du carbone). Donc \u00e0 \u00e9chelle de temps humain et au rythme ou l\u2019Homme les utilise, elles ne sont pas renouvelables.<\/p>\n<p style=\"text-align: justify;\">2. L\u2019utilisation des sources d\u2019\u00e9nergies non renouvelables entra\u00eene de la pollution dont la plus connue est l\u2019\u00e9mission de gaz \u00e0 effet de serre (GES). Ces gaz ont un impact direct sur la temp\u00e9rature \u00e0 la surface de la Terre et indirect sur les \u00e9v\u00e9nements climatiques catastrophiques ponctuels et les changements climatiques \u00e0 long terme.<\/p>\n<p style=\"text-align: justify;\">3. la France produit peu de p\u00e9trole et de gaz et plus du tout de charbon et d\u2019uranium. Elle est donc en grande partie d\u00e9pendante de ces importations pour sa couverture \u00e9nerg\u00e9tique.<\/p>\n<p style=\"text-align: justify;\"><strong>Comment ?<\/strong><\/p>\n<p style=\"text-align: justify;\">1. <span style=\"text-decoration: underline;\">En France<\/span> :<\/p>\n<p style=\"text-align: justify;\">Le gouvernement fran\u00e7ais est partie sur deux axes principaux pour effectuer sa transition \u00e9nerg\u00e9tique :<\/p>\n<p style=\"text-align: justify;\">-les \u00e9conomies d\u2019\u00e9nergies : en aidant \u00e0 la r\u00e9novation des logements anciens, en renfor\u00e7ant la r\u00e9glementation pour les nouveaux logements et en favorisant les transports propres.<\/p>\n<p style=\"text-align: justify;\">-les \u00e9nergies renouvelables terrestres et maritimes : la France poss\u00e8dent un fort potentiel de d\u00e9veloppement de ces sources d\u2019\u00e9nergie et elle s\u2019emploi d\u00e9sormais \u00e0 les d\u00e9velopper.<\/p>\n<p style=\"text-align: justify;\">Objectifs chiffr\u00e9s:<\/p>\n<p style=\"text-align: justify;\">-R\u00e9duire les \u00e9missions de GES par rapport \u00e0 celle de l\u2019ann\u00e9e 1990 de 40% en 2030 et de 75% en 2050 (facteur 4).<br \/>\n-R\u00e9duire la consommation \u00e9nerg\u00e9tique finale de 20% en 2030 et 50% en 2050 par rapport \u00e0 celle de l\u2019ann\u00e9e 2012.<br \/>\n-Porter la part des \u00e9nergies renouvelables \u00e0 23% de la consommation finale brute d\u2019\u00e9nergies d\u2019ici 2020 et \u00e0 32% d\u2019ici 2030.<br \/>\n-Porter la part du nucl\u00e9aire dans la production d\u2019\u00e9lectricit\u00e9 \u00e0 50% d\u2019ici 2025.<\/p>\n<p style=\"text-align: justify;\">2. <span style=\"text-decoration: underline;\">Ailleurs dans le monde<\/span> :<\/p>\n<p style=\"text-align: justify;\">Pour faire diminuer l\u2019utilisation des sources d\u2019\u00e9nergies fossiles et donc les \u00e9mission de GES, une initiative \u00e0 \u00e9t\u00e9 prise au niveau mondiale : le Protocole de Kyoto sign\u00e9 en 1997 par plus de 140 pays.<br \/>\nDans la 1\u00e8re phase de cet accord, de 2008 \u00e0 2012, les 38 pays les plus industrialis\u00e9s doivent diminuer leurs rejets de GES de 5.2% par rapport au \u00e9mission de 1990.<br \/>\nLe protocole de Kyoto a trouv\u00e9 rapidement ses limites, en effet, les deux pays \u00e9mettant le plus de GES, soit les \u00c9tats-Unis et la Chine, ne se sont pas engag\u00e9s dans cet accord. En effet, les \u00c9tats-Unis n\u2019ont jamais ratifi\u00e9 l\u2019accord et la Chine \u00e9tant consid\u00e9r\u00e9e comme pays \u00e9mergeant n\u2019a pas d\u2019obligation de r\u00e9duction de ses \u00e9missions de GES. De plus, Le Canada, qui n\u2019a pas rempli ses objectifs pour la premi\u00e8re p\u00e9riode, se d\u00e9sengage de l\u2019accord et pr\u00e9f\u00e8re exploiter ses sables bitumineux. Le Japon aussi arr\u00eate : il a d\u00e9cr\u00e9t\u00e9 qu\u2019il ne ferait plus d\u2019effort tant que les \u00c9tats-Unis et la Chine ne rentreraient pas de fa\u00e7on active dans le protocole. Et bien sur, la premi\u00e8re phase de l\u2019accord est finie et les nations n\u2019ont pas r\u00e9ussi \u00e0 se mettre d\u2019accord sur les objectifs de la 2\u00e8me phase du protocole. C\u2019est d\u2019ailleurs l\u00e0 tout l\u2019enjeu de la conf\u00e9rence de Paris 2015 et du <a title=\"D\u00e9bat national sur la transition \u00e9nerg\u00e9rique\" href=\"http:\/\/defi-energies17.fr\/?page_id=378\">d\u00e9bat sur la transition \u00e9nerg\u00e9tique<\/a>.<\/p>\n<p style=\"text-align: justify;\">En fait une seule chose est s\u00fbre, c\u2019est que plus on aura anticip\u00e9 la fin des \u00e9nergies non renouvelables et les changements climatiques plus on sera adapt\u00e9 aux nouvelles conditions de vie sur Terre. Mais pour que le co\u00fbt de ce changement soit supportable pour notre soci\u00e9t\u00e9, il faut commencer maintenant&#8230;<\/p>\n","protected":false},"excerpt":{"rendered":"<p>C\u2019est quoi ? C\u2019est le passage de l\u2019actuel syst\u00e8me \u00e9nerg\u00e9tique bas\u00e9 sur des sources d\u2019\u00e9nergie non renouvelables (p\u00e9trole, gaz, charbon et uranium) \u00e0 un syst\u00e8me \u00e9nerg\u00e9tique bas\u00e9 sur des sources d\u2019\u00e9nergie renouvelable (soleil, vent, g\u00e9othermie, biomasse). Ce passage progressif implique donc une modification totale de la politique \u00e9nerg\u00e9tique mondiale. Pourquoi ? Cette transition est n\u00e9cessaire [&hellip;]<\/p>\n","protected":false},"author":2,"featured_media":0,"parent":41,"menu_order":0,"comment_status":"closed","ping_status":"open","template":"","meta":[],"_links":{"self":[{"href":"https:\/\/defi-energies17.fr\/index.php?rest_route=\/wp\/v2\/pages\/376"}],"collection":[{"href":"https:\/\/defi-energies17.fr\/index.php?rest_route=\/wp\/v2\/pages"}],"about":[{"href":"https:\/\/defi-energies17.fr\/index.php?rest_route=\/wp\/v2\/types\/page"}],"author":[{"embeddable":true,"href":"https:\/\/defi-energies17.fr\/index.php?rest_route=\/wp\/v2\/users\/2"}],"replies":[{"embeddable":true,"href":"https:\/\/defi-energies17.fr\/index.php?rest_route=%2Fwp%2Fv2%2Fcomments&post=376"}],"version-history":[{"count":7,"href":"https:\/\/defi-energies17.fr\/index.php?rest_route=\/wp\/v2\/pages\/376\/revisions"}],"predecessor-version":[{"id":721,"href":"https:\/\/defi-energies17.fr\/index.php?rest_route=\/wp\/v2\/pages\/376\/revisions\/721"}],"up":[{"embeddable":true,"href":"https:\/\/defi-energies17.fr\/index.php?rest_route=\/wp\/v2\/pages\/41"}],"wp:attachment":[{"href":"https:\/\/defi-energies17.fr\/index.php?rest_route=%2Fwp%2Fv2%2Fmedia&parent=376"}],"curies":[{"name":"wp","href":"https:\/\/api.w.org\/{rel}","templated":true}]}}