{"id":372,"date":"2014-12-08T14:42:00","date_gmt":"2014-12-08T13:42:00","guid":{"rendered":"http:\/\/defi-energies17.fr\/?page_id=372"},"modified":"2019-07-28T14:29:01","modified_gmt":"2019-07-28T13:29:01","slug":"lettre-dinfos-n-47","status":"publish","type":"page","link":"https:\/\/defi-energies17.fr\/?page_id=372","title":{"rendered":"Lettre d&rsquo;infos n\u00b0 47"},"content":{"rendered":"<p>Vous pourrez entre autres y lire:<\/p>\n<ul>\n<li>Financer la transition \u00e9nerg\u00e9tique<\/li>\n<li>Atelier s\u00e9choirs solaires<\/li>\n<li>La Maison du Soleil f\u00eate des 20 ans<\/li>\n<li>D\u00e9fi Familles \u00e0 \u00e9nergie positive<\/li>\n<li>Br\u00e8ves<\/li>\n<li>Trop cher le v\u00e9lo ?<\/li>\n<\/ul>\n<p>&nbsp;<\/p>\n<p>&nbsp;<\/p>\n<p style=\"text-align: center;\"><a href=\"http:\/\/defi-energies17.fr\/wp-content\/uploads\/2014\/12\/n\u00b047.pdf\" target=\"_blank\" rel=\"noopener noreferrer\"><img decoding=\"async\" loading=\"lazy\" class=\"alignnone size-medium wp-image-404\" src=\"http:\/\/defi-energies17.fr\/wp-content\/uploads\/2014\/12\/Page-1-Bulletin-47-232x300.png\" alt=\"Page 1 Bulletin 47\" width=\"232\" height=\"300\" srcset=\"https:\/\/defi-energies17.fr\/wp-content\/uploads\/2014\/12\/Page-1-Bulletin-47-232x300.png 232w, https:\/\/defi-energies17.fr\/wp-content\/uploads\/2014\/12\/Page-1-Bulletin-47-116x150.png 116w, https:\/\/defi-energies17.fr\/wp-content\/uploads\/2014\/12\/Page-1-Bulletin-47-792x1024.png 792w, https:\/\/defi-energies17.fr\/wp-content\/uploads\/2014\/12\/Page-1-Bulletin-47.png 973w\" sizes=\"(max-width: 232px) 100vw, 232px\" \/><\/a><\/p>\n<p>&nbsp;<\/p>\n","protected":false},"excerpt":{"rendered":"<p>Vous pourrez entre autres y lire: Financer la transition \u00e9nerg\u00e9tique Atelier s\u00e9choirs solaires La Maison du Soleil f\u00eate des 20 ans D\u00e9fi Familles \u00e0 \u00e9nergie positive Br\u00e8ves Trop cher le v\u00e9lo ? &nbsp; &nbsp; &nbsp;<\/p>\n","protected":false},"author":2,"featured_media":0,"parent":173,"menu_order":0,"comment_status":"closed","ping_status":"open","template":"","meta":[],"_links":{"self":[{"href":"https:\/\/defi-energies17.fr\/index.php?rest_route=\/wp\/v2\/pages\/372"}],"collection":[{"href":"https:\/\/defi-energies17.fr\/index.php?rest_route=\/wp\/v2\/pages"}],"about":[{"href":"https:\/\/defi-energies17.fr\/index.php?rest_route=\/wp\/v2\/types\/page"}],"author":[{"embeddable":true,"href":"https:\/\/defi-energies17.fr\/index.php?rest_route=\/wp\/v2\/users\/2"}],"replies":[{"embeddable":true,"href":"https:\/\/defi-energies17.fr\/index.php?rest_route=%2Fwp%2Fv2%2Fcomments&post=372"}],"version-history":[{"count":4,"href":"https:\/\/defi-energies17.fr\/index.php?rest_route=\/wp\/v2\/pages\/372\/revisions"}],"predecessor-version":[{"id":1473,"href":"https:\/\/defi-energies17.fr\/index.php?rest_route=\/wp\/v2\/pages\/372\/revisions\/1473"}],"up":[{"embeddable":true,"href":"https:\/\/defi-energies17.fr\/index.php?rest_route=\/wp\/v2\/pages\/173"}],"wp:attachment":[{"href":"https:\/\/defi-energies17.fr\/index.php?rest_route=%2Fwp%2Fv2%2Fmedia&parent=372"}],"curies":[{"name":"wp","href":"https:\/\/api.w.org\/{rel}","templated":true}]}}