{"id":370,"date":"2014-12-08T14:41:32","date_gmt":"2014-12-08T13:41:32","guid":{"rendered":"http:\/\/defi-energies17.fr\/?page_id=370"},"modified":"2019-07-28T14:29:01","modified_gmt":"2019-07-28T13:29:01","slug":"lettre-dinfos-n-46","status":"publish","type":"page","link":"https:\/\/defi-energies17.fr\/?page_id=370","title":{"rendered":"Lettre d&rsquo;infos n\u00b0 46"},"content":{"rendered":"<p>Vous pourrez y lire notamment:<\/p>\n<ul>\n<li>Du nouveau pour la r\u00e9gulation sur le r\u00e9seau<\/li>\n<li>Salon de la croissance verte \u00e0 Angoul\u00eame<\/li>\n<li>Les \u00e9nergies marines renouvelables<\/li>\n<li>D\u00e9fi Familles \u00e0 \u00e9nergie positive<\/li>\n<li>Obsolescence programm\u00e9e, \u00e7a commence \u00e0 bien faire !<\/li>\n<li>Br\u00e8ves<\/li>\n<\/ul>\n<p style=\"text-align: center;\"><a href=\"http:\/\/defi-energies17.fr\/wp-content\/uploads\/2014\/12\/n%C2%B046.pdf\" target=\"_blank\" rel=\"noopener noreferrer\"><img decoding=\"async\" loading=\"lazy\" class=\"alignnone size-medium wp-image-407\" src=\"http:\/\/defi-energies17.fr\/wp-content\/uploads\/2014\/12\/Page-1-Bulletin-46-221x300.png\" alt=\"Page 1 Bulletin 46\" width=\"221\" height=\"300\" srcset=\"https:\/\/defi-energies17.fr\/wp-content\/uploads\/2014\/12\/Page-1-Bulletin-46-221x300.png 221w, https:\/\/defi-energies17.fr\/wp-content\/uploads\/2014\/12\/Page-1-Bulletin-46-110x150.png 110w, https:\/\/defi-energies17.fr\/wp-content\/uploads\/2014\/12\/Page-1-Bulletin-46-754x1024.png 754w, https:\/\/defi-energies17.fr\/wp-content\/uploads\/2014\/12\/Page-1-Bulletin-46.png 1282w\" sizes=\"(max-width: 221px) 100vw, 221px\" \/><\/a><\/p>\n","protected":false},"excerpt":{"rendered":"<p>Vous pourrez y lire notamment: Du nouveau pour la r\u00e9gulation sur le r\u00e9seau Salon de la croissance verte \u00e0 Angoul\u00eame Les \u00e9nergies marines renouvelables D\u00e9fi Familles \u00e0 \u00e9nergie positive Obsolescence programm\u00e9e, \u00e7a commence \u00e0 bien faire ! Br\u00e8ves<\/p>\n","protected":false},"author":2,"featured_media":0,"parent":173,"menu_order":0,"comment_status":"closed","ping_status":"open","template":"","meta":[],"_links":{"self":[{"href":"https:\/\/defi-energies17.fr\/index.php?rest_route=\/wp\/v2\/pages\/370"}],"collection":[{"href":"https:\/\/defi-energies17.fr\/index.php?rest_route=\/wp\/v2\/pages"}],"about":[{"href":"https:\/\/defi-energies17.fr\/index.php?rest_route=\/wp\/v2\/types\/page"}],"author":[{"embeddable":true,"href":"https:\/\/defi-energies17.fr\/index.php?rest_route=\/wp\/v2\/users\/2"}],"replies":[{"embeddable":true,"href":"https:\/\/defi-energies17.fr\/index.php?rest_route=%2Fwp%2Fv2%2Fcomments&post=370"}],"version-history":[{"count":4,"href":"https:\/\/defi-energies17.fr\/index.php?rest_route=\/wp\/v2\/pages\/370\/revisions"}],"predecessor-version":[{"id":1472,"href":"https:\/\/defi-energies17.fr\/index.php?rest_route=\/wp\/v2\/pages\/370\/revisions\/1472"}],"up":[{"embeddable":true,"href":"https:\/\/defi-energies17.fr\/index.php?rest_route=\/wp\/v2\/pages\/173"}],"wp:attachment":[{"href":"https:\/\/defi-energies17.fr\/index.php?rest_route=%2Fwp%2Fv2%2Fmedia&parent=370"}],"curies":[{"name":"wp","href":"https:\/\/api.w.org\/{rel}","templated":true}]}}