{"id":357,"date":"2014-12-08T12:05:26","date_gmt":"2014-12-08T11:05:26","guid":{"rendered":"http:\/\/defi-energies17.fr\/?page_id=357"},"modified":"2019-07-28T14:29:01","modified_gmt":"2019-07-28T13:29:01","slug":"chroniques-radio","status":"publish","type":"page","link":"https:\/\/defi-energies17.fr\/?page_id=357","title":{"rendered":"Chroniques radio"},"content":{"rendered":"<p>Pendant pr\u00e8s de 2 ans, l\u2019association a travaill\u00e9 avec H\u00e9l\u00e8ne FM sur la \u00ab\u00a0minute de l\u2019\u00e9nergie et de l\u2019environnement\u00a0\u00bb. Cette chronique de 2-3 minutes a \u00e9t\u00e9 diffus\u00e9e 4 fois par semaine sur Vogue Radio (Pays Royannais) et H\u00e9l\u00e8ne FM.\u00a0Chaque semaine un sujet diff\u00e9rent a \u00e9t\u00e9 trait\u00e9, de l\u2019\u00e9olienne au solaire en passant par l\u2019isolation, aucun sujet n&rsquo;a \u00e9t\u00e9 oubli\u00e9\u00a0!<\/p>\n<p>Si vous souhaitez (r\u00e9)\u00e9couter les chroniques, rendez-vous sur le site d\u2019<a class=\"spip_out\" href=\"http:\/\/www.helenefm.com\/minuteenergie.htm\" rel=\"external\">H\u00e9l\u00e8ne FM<\/a><\/p>\n<p>L&rsquo;association a \u00e9galement r\u00e9alis\u00e9e plusieurs chroniques avec RCF pour l&rsquo;\u00e9mission \u00ab\u00a0N&rsquo;oubliez pas d&rsquo;\u00e9teindre en sortant\u00a0\u00bb entre septembre 2014 et novembre 2015 puis pour l&rsquo;\u00e9mission \u00ab\u00a0N&rsquo;attendons pas que \u00e7a tombe du ciel\u00a0\u00bb. Cette derni\u00e8re \u00e9mission, s&rsquo;ouvre \u00e0 la transition citoyenne globale et nous invite \u00e0 l&rsquo;action. Pour (r\u00e9)\u00e9coutez toutes ces \u00e9missions, rendez-vous sur <a href=\"http:\/\/defi-energies17.fr\/?page_id=909\">ICI<\/a> ou sur le site de <a href=\"https:\/\/rcf.fr\/\">RCF<\/a>.<\/p>\n","protected":false},"excerpt":{"rendered":"<p>Pendant pr\u00e8s de 2 ans, l\u2019association a travaill\u00e9 avec H\u00e9l\u00e8ne FM sur la \u00ab\u00a0minute de l\u2019\u00e9nergie et de l\u2019environnement\u00a0\u00bb. Cette chronique de 2-3 minutes a \u00e9t\u00e9 diffus\u00e9e 4 fois par semaine sur Vogue Radio (Pays Royannais) et H\u00e9l\u00e8ne FM.\u00a0Chaque semaine un sujet diff\u00e9rent a \u00e9t\u00e9 trait\u00e9, de l\u2019\u00e9olienne au solaire en passant par l\u2019isolation, aucun [&hellip;]<\/p>\n","protected":false},"author":2,"featured_media":0,"parent":0,"menu_order":0,"comment_status":"closed","ping_status":"open","template":"","meta":[],"_links":{"self":[{"href":"https:\/\/defi-energies17.fr\/index.php?rest_route=\/wp\/v2\/pages\/357"}],"collection":[{"href":"https:\/\/defi-energies17.fr\/index.php?rest_route=\/wp\/v2\/pages"}],"about":[{"href":"https:\/\/defi-energies17.fr\/index.php?rest_route=\/wp\/v2\/types\/page"}],"author":[{"embeddable":true,"href":"https:\/\/defi-energies17.fr\/index.php?rest_route=\/wp\/v2\/users\/2"}],"replies":[{"embeddable":true,"href":"https:\/\/defi-energies17.fr\/index.php?rest_route=%2Fwp%2Fv2%2Fcomments&post=357"}],"version-history":[{"count":5,"href":"https:\/\/defi-energies17.fr\/index.php?rest_route=\/wp\/v2\/pages\/357\/revisions"}],"predecessor-version":[{"id":1397,"href":"https:\/\/defi-energies17.fr\/index.php?rest_route=\/wp\/v2\/pages\/357\/revisions\/1397"}],"wp:attachment":[{"href":"https:\/\/defi-energies17.fr\/index.php?rest_route=%2Fwp%2Fv2%2Fmedia&parent=357"}],"curies":[{"name":"wp","href":"https:\/\/api.w.org\/{rel}","templated":true}]}}