{"id":229,"date":"2014-04-16T12:06:39","date_gmt":"2014-04-16T11:06:39","guid":{"rendered":"http:\/\/defi-energies17.fr\/?page_id=229"},"modified":"2019-07-28T14:29:00","modified_gmt":"2019-07-28T13:29:00","slug":"n45","status":"publish","type":"page","link":"https:\/\/defi-energies17.fr\/?page_id=229","title":{"rendered":"Lettre d&rsquo;infos n\u00b0 45"},"content":{"rendered":"<p>Vous pourrez y lire entre autres:<\/p>\n<ul>\n<li>Financements citoyens pour ENR<\/li>\n<li>Turano Planet Solar<\/li>\n<li>Conf\u00e9rence de Nicolas Hulot pour L\u00e9a Nature<\/li>\n<li>De M\u00e9thadoux \u00e0 Agrom\u00e9thane<\/li>\n<li>A la d\u00e9couverte de l\u2019\u00e9co-hameau d\u2019H\u00e9lioterre<\/li>\n<li>Revue de presse Internet<\/li>\n<li>4 mesures urgentes pour limiter le r\u00e9chauffement<\/li>\n<li>Barom\u00e8tre ADEME \/ TNS SOFRES \u00ab 10000 m\u00e9nages \u00bb<\/li>\n<\/ul>\n<p style=\"text-align: center;\"><a href=\"http:\/\/defi-energies17.fr\/wp-content\/uploads\/2014\/12\/n%C2%B045.pdf\" target=\"_blank\" rel=\"noopener noreferrer\"><img decoding=\"async\" loading=\"lazy\" class=\"alignnone size-medium wp-image-410\" src=\"http:\/\/defi-energies17.fr\/wp-content\/uploads\/2014\/04\/Page-1-Bulletin-45-214x300.png\" alt=\"Page 1 Bulletin 45\" width=\"214\" height=\"300\" srcset=\"https:\/\/defi-energies17.fr\/wp-content\/uploads\/2014\/04\/Page-1-Bulletin-45-214x300.png 214w, https:\/\/defi-energies17.fr\/wp-content\/uploads\/2014\/04\/Page-1-Bulletin-45-107x150.png 107w, https:\/\/defi-energies17.fr\/wp-content\/uploads\/2014\/04\/Page-1-Bulletin-45-731x1024.png 731w, https:\/\/defi-energies17.fr\/wp-content\/uploads\/2014\/04\/Page-1-Bulletin-45.png 1282w\" sizes=\"(max-width: 214px) 100vw, 214px\" \/><\/a><\/p>\n<p>&nbsp;<\/p>\n","protected":false},"excerpt":{"rendered":"<p>Vous pourrez y lire entre autres: Financements citoyens pour ENR Turano Planet Solar Conf\u00e9rence de Nicolas Hulot pour L\u00e9a Nature De M\u00e9thadoux \u00e0 Agrom\u00e9thane A la d\u00e9couverte de l\u2019\u00e9co-hameau d\u2019H\u00e9lioterre Revue de presse Internet 4 mesures urgentes pour limiter le r\u00e9chauffement Barom\u00e8tre ADEME \/ TNS SOFRES \u00ab 10000 m\u00e9nages \u00bb &nbsp;<\/p>\n","protected":false},"author":1,"featured_media":0,"parent":173,"menu_order":0,"comment_status":"closed","ping_status":"open","template":"","meta":[],"_links":{"self":[{"href":"https:\/\/defi-energies17.fr\/index.php?rest_route=\/wp\/v2\/pages\/229"}],"collection":[{"href":"https:\/\/defi-energies17.fr\/index.php?rest_route=\/wp\/v2\/pages"}],"about":[{"href":"https:\/\/defi-energies17.fr\/index.php?rest_route=\/wp\/v2\/types\/page"}],"author":[{"embeddable":true,"href":"https:\/\/defi-energies17.fr\/index.php?rest_route=\/wp\/v2\/users\/1"}],"replies":[{"embeddable":true,"href":"https:\/\/defi-energies17.fr\/index.php?rest_route=%2Fwp%2Fv2%2Fcomments&post=229"}],"version-history":[{"count":10,"href":"https:\/\/defi-energies17.fr\/index.php?rest_route=\/wp\/v2\/pages\/229\/revisions"}],"predecessor-version":[{"id":1471,"href":"https:\/\/defi-energies17.fr\/index.php?rest_route=\/wp\/v2\/pages\/229\/revisions\/1471"}],"up":[{"embeddable":true,"href":"https:\/\/defi-energies17.fr\/index.php?rest_route=\/wp\/v2\/pages\/173"}],"wp:attachment":[{"href":"https:\/\/defi-energies17.fr\/index.php?rest_route=%2Fwp%2Fv2%2Fmedia&parent=229"}],"curies":[{"name":"wp","href":"https:\/\/api.w.org\/{rel}","templated":true}]}}