{"id":2,"date":"2014-03-18T12:11:29","date_gmt":"2014-03-18T12:11:29","guid":{"rendered":"http:\/\/defi-energies17.fr\/?page_id=2"},"modified":"2020-09-26T14:16:36","modified_gmt":"2020-09-26T13:16:36","slug":"sample-page","status":"publish","type":"page","link":"https:\/\/defi-energies17.fr\/","title":{"rendered":"Qui sommes nous ?"},"content":{"rendered":"<p><img decoding=\"async\" loading=\"lazy\" class=\"size-full wp-image-116 alignleft\" src=\"http:\/\/defi-energies17.fr\/wp-content\/uploads\/2014\/03\/logo1.png\" alt=\"Logo D\u00e9fi \u00e9nergies 17\" width=\"120\" height=\"140\" \/><\/p>\n<p style=\"text-align: justify;\">Association loi 1901, cr\u00e9\u00e9e en 1993 sous le nom de Multi \u00e9nergies renouvelables 17, dit MER 17, agr\u00e9\u00e9e D\u00e9fense de l\u2019Environnement, D\u00e9fi \u00e9nergies 17 a pour buts\u00a0: la promotion des \u00e9conomies d\u2019\u00e9nergie et des \u00e9nergies renouvelables respectueuses de l\u2019environnement (solaire, biomasse, \u00e9olien etc.).<\/p>\n<p><strong>En Assembl\u00e9e G\u00e9n\u00e9rale Extraordinaire r\u00e9unie le 12 septembre 2020, les adh\u00e9rents ont d\u00e9cid\u00e9 de mettre fin aux activit\u00e9s de DE17 et de fusionner avec l&rsquo;association <a href=\"http:\/\/www.kananas.com\/anouslenergierenouvelableetsolidaire\/\">\u00ab\u00a0A Nous l&rsquo;Energie\u00a0\u00bb<\/a><\/strong><\/p>\n","protected":false},"excerpt":{"rendered":"<p>Association loi 1901, cr\u00e9\u00e9e en 1993 sous le nom de Multi \u00e9nergies renouvelables 17, dit MER 17, agr\u00e9\u00e9e D\u00e9fense de l\u2019Environnement, D\u00e9fi \u00e9nergies 17 a pour buts\u00a0: la promotion des \u00e9conomies d\u2019\u00e9nergie et des \u00e9nergies renouvelables respectueuses de l\u2019environnement (solaire, biomasse, \u00e9olien etc.). En Assembl\u00e9e G\u00e9n\u00e9rale Extraordinaire r\u00e9unie le 12 septembre 2020, les adh\u00e9rents ont [&hellip;]<\/p>\n","protected":false},"author":1,"featured_media":0,"parent":0,"menu_order":0,"comment_status":"closed","ping_status":"open","template":"","meta":[],"_links":{"self":[{"href":"https:\/\/defi-energies17.fr\/index.php?rest_route=\/wp\/v2\/pages\/2"}],"collection":[{"href":"https:\/\/defi-energies17.fr\/index.php?rest_route=\/wp\/v2\/pages"}],"about":[{"href":"https:\/\/defi-energies17.fr\/index.php?rest_route=\/wp\/v2\/types\/page"}],"author":[{"embeddable":true,"href":"https:\/\/defi-energies17.fr\/index.php?rest_route=\/wp\/v2\/users\/1"}],"replies":[{"embeddable":true,"href":"https:\/\/defi-energies17.fr\/index.php?rest_route=%2Fwp%2Fv2%2Fcomments&post=2"}],"version-history":[{"count":53,"href":"https:\/\/defi-energies17.fr\/index.php?rest_route=\/wp\/v2\/pages\/2\/revisions"}],"predecessor-version":[{"id":1499,"href":"https:\/\/defi-energies17.fr\/index.php?rest_route=\/wp\/v2\/pages\/2\/revisions\/1499"}],"wp:attachment":[{"href":"https:\/\/defi-energies17.fr\/index.php?rest_route=%2Fwp%2Fv2%2Fmedia&parent=2"}],"curies":[{"name":"wp","href":"https:\/\/api.w.org\/{rel}","templated":true}]}}