{"id":167,"date":"2014-04-09T11:50:01","date_gmt":"2014-04-09T10:50:01","guid":{"rendered":"http:\/\/defi-energies17.fr\/?page_id=167"},"modified":"2019-07-28T14:29:01","modified_gmt":"2019-07-28T13:29:01","slug":"outils-pedagogiques","status":"publish","type":"page","link":"https:\/\/defi-energies17.fr\/?page_id=167","title":{"rendered":"Outils p\u00e9dagogiques"},"content":{"rendered":"<p style=\"text-align: justify;\">Pour nos animations nous avons des outils p\u00e9dagogiques qui sont utilis\u00e9es en fonction du th\u00e8me de l&rsquo;animation et de l&rsquo;\u00e2ge des participants. Cette page \u00e9tant en construction, la liste ci-dessous ne repr\u00e9sente qu&rsquo;un \u00e9chantillon de nos outils p\u00e9dagogiques. Merci de votre compr\u00e9hension.<\/p>\n<p style=\"text-align: justify;\">&#8211;<a href=\"http:\/\/defi-energies17.fr\/?page_id=1294\">La Bo\u00eete A B\u00e2tir ou B.A.B.<\/a><\/p>\n<p>&#8211;<a href=\"http:\/\/defi-energies17.fr\/?page_id=311\">La Caravane du Soleil<\/a><\/p>\n<p>&#8211;<a href=\"http:\/\/defi-energies17.fr\/?page_id=1194\">Le Four solaire de type bo\u00eete et ses r\u00e9flecteurs<\/a><\/p>\n<p>&#8211;<a href=\"http:\/\/defi-energies17.fr\/?page_id=1302\">Le Jeu de la Maison Bioclimatique<\/a><\/p>\n<p>&#8211;<a href=\"http:\/\/defi-energies17.fr\/?page_id=1196\">Jeux de soci\u00e9t\u00e9s<\/a><\/p>\n<p>&#8211;<a href=\"http:\/\/defi-energies17.fr\/?page_id=1309\">La Maquette Solaire<\/a><\/p>\n<p>&#8211;<a href=\"http:\/\/defi-energies17.fr\/?page_id=1272\">Le Tableau des Cha\u00eenes de l&rsquo;\u00c9nergie<\/a><\/p>\n<p>&#8211;<a href=\"http:\/\/defi-energies17.fr\/?page_id=1198\">La Valise des isolants<\/a><\/p>\n<p>-&#8230;. la suite \u00e0 venir bient\u00f4t.<\/p>\n","protected":false},"excerpt":{"rendered":"<p>Pour nos animations nous avons des outils p\u00e9dagogiques qui sont utilis\u00e9es en fonction du th\u00e8me de l&rsquo;animation et de l&rsquo;\u00e2ge des participants. Cette page \u00e9tant en construction, la liste ci-dessous ne repr\u00e9sente qu&rsquo;un \u00e9chantillon de nos outils p\u00e9dagogiques. Merci de votre compr\u00e9hension. &#8211;La Bo\u00eete A B\u00e2tir ou B.A.B. &#8211;La Caravane du Soleil &#8211;Le Four solaire [&hellip;]<\/p>\n","protected":false},"author":1,"featured_media":0,"parent":51,"menu_order":0,"comment_status":"closed","ping_status":"open","template":"","meta":[],"_links":{"self":[{"href":"https:\/\/defi-energies17.fr\/index.php?rest_route=\/wp\/v2\/pages\/167"}],"collection":[{"href":"https:\/\/defi-energies17.fr\/index.php?rest_route=\/wp\/v2\/pages"}],"about":[{"href":"https:\/\/defi-energies17.fr\/index.php?rest_route=\/wp\/v2\/types\/page"}],"author":[{"embeddable":true,"href":"https:\/\/defi-energies17.fr\/index.php?rest_route=\/wp\/v2\/users\/1"}],"replies":[{"embeddable":true,"href":"https:\/\/defi-energies17.fr\/index.php?rest_route=%2Fwp%2Fv2%2Fcomments&post=167"}],"version-history":[{"count":17,"href":"https:\/\/defi-energies17.fr\/index.php?rest_route=\/wp\/v2\/pages\/167\/revisions"}],"predecessor-version":[{"id":1311,"href":"https:\/\/defi-energies17.fr\/index.php?rest_route=\/wp\/v2\/pages\/167\/revisions\/1311"}],"up":[{"embeddable":true,"href":"https:\/\/defi-energies17.fr\/index.php?rest_route=\/wp\/v2\/pages\/51"}],"wp:attachment":[{"href":"https:\/\/defi-energies17.fr\/index.php?rest_route=%2Fwp%2Fv2%2Fmedia&parent=167"}],"curies":[{"name":"wp","href":"https:\/\/api.w.org\/{rel}","templated":true}]}}