{"id":1439,"date":"2019-05-10T15:28:20","date_gmt":"2019-05-10T14:28:20","guid":{"rendered":"http:\/\/defi-energies17.fr\/?page_id=1439"},"modified":"2019-07-28T14:29:00","modified_gmt":"2019-07-28T13:29:00","slug":"lettre-dinfo-n54","status":"publish","type":"page","link":"https:\/\/defi-energies17.fr\/?page_id=1439","title":{"rendered":"Lettre d&rsquo;info n\u00b054"},"content":{"rendered":"<p>D\u00e9couvrez la Lettre d&rsquo;Info n\u00b0 54 en cliquant<a href=\"http:\/\/defi-energies17.fr\/wp-content\/uploads\/2019\/05\/bulletin-d-info-54.pdf\"> ici<\/a><\/p>\n<p>Vous pourrez entre autre y lire:<\/p>\n<ul>\n<li>L&rsquo;Ecocide, un 5\u00e8me crime reconnu internationalement<\/li>\n<li>Encore une maison performante<\/li>\n<li>Sous le soleil exactement<\/li>\n<li>Changement climatique et \u00e9olien dans le mix \u00e9nerg\u00e9tique<\/li>\n<li>Mon m\u00e9tier : maintenance d&rsquo;\u00e9oliennes<\/li>\n<\/ul>\n","protected":false},"excerpt":{"rendered":"<p>D\u00e9couvrez la Lettre d&rsquo;Info n\u00b0 54 en cliquant ici Vous pourrez entre autre y lire: L&rsquo;Ecocide, un 5\u00e8me crime reconnu internationalement Encore une maison performante Sous le soleil exactement Changement climatique et \u00e9olien dans le mix \u00e9nerg\u00e9tique Mon m\u00e9tier : maintenance d&rsquo;\u00e9oliennes<\/p>\n","protected":false},"author":1,"featured_media":0,"parent":0,"menu_order":0,"comment_status":"closed","ping_status":"closed","template":"","meta":[],"_links":{"self":[{"href":"https:\/\/defi-energies17.fr\/index.php?rest_route=\/wp\/v2\/pages\/1439"}],"collection":[{"href":"https:\/\/defi-energies17.fr\/index.php?rest_route=\/wp\/v2\/pages"}],"about":[{"href":"https:\/\/defi-energies17.fr\/index.php?rest_route=\/wp\/v2\/types\/page"}],"author":[{"embeddable":true,"href":"https:\/\/defi-energies17.fr\/index.php?rest_route=\/wp\/v2\/users\/1"}],"replies":[{"embeddable":true,"href":"https:\/\/defi-energies17.fr\/index.php?rest_route=%2Fwp%2Fv2%2Fcomments&post=1439"}],"version-history":[{"count":3,"href":"https:\/\/defi-energies17.fr\/index.php?rest_route=\/wp\/v2\/pages\/1439\/revisions"}],"predecessor-version":[{"id":1442,"href":"https:\/\/defi-energies17.fr\/index.php?rest_route=\/wp\/v2\/pages\/1439\/revisions\/1442"}],"wp:attachment":[{"href":"https:\/\/defi-energies17.fr\/index.php?rest_route=%2Fwp%2Fv2%2Fmedia&parent=1439"}],"curies":[{"name":"wp","href":"https:\/\/api.w.org\/{rel}","templated":true}]}}