{"id":1427,"date":"2017-11-13T16:22:35","date_gmt":"2017-11-13T15:22:35","guid":{"rendered":"http:\/\/defi-energies17.fr\/?page_id=1427"},"modified":"2019-07-28T14:29:00","modified_gmt":"2019-07-28T13:29:00","slug":"lettre-dinfo-n-53","status":"publish","type":"page","link":"https:\/\/defi-energies17.fr\/?page_id=1427","title":{"rendered":"Lettre d&rsquo;info n\u00b0 53"},"content":{"rendered":"<p>D\u00e9couvrez la Lettre d&rsquo;Info n\u00b0 53 en cliquant <a href=\"http:\/\/defi-energies17.fr\/wp-content\/uploads\/2017\/11\/bulletin-53.pdf\">ici<\/a><\/p>\n<p>Vous pourrez entre autre y lire:<\/p>\n<ul>\n<li>P.A.T.: un nouveau n\u00e9 en Aunis<\/li>\n<li>A nous l&rsquo;\u00c9nergie !<\/li>\n<li>le march\u00e9 de l&rsquo;\u00e9lectricit\u00e9<\/li>\n<li>droit commercial vs droits sociaux et environnementaux<\/li>\n<\/ul>\n","protected":false},"excerpt":{"rendered":"<p>D\u00e9couvrez la Lettre d&rsquo;Info n\u00b0 53 en cliquant ici Vous pourrez entre autre y lire: P.A.T.: un nouveau n\u00e9 en Aunis A nous l&rsquo;\u00c9nergie ! le march\u00e9 de l&rsquo;\u00e9lectricit\u00e9 droit commercial vs droits sociaux et environnementaux<\/p>\n","protected":false},"author":3,"featured_media":0,"parent":173,"menu_order":0,"comment_status":"closed","ping_status":"closed","template":"","meta":[],"_links":{"self":[{"href":"https:\/\/defi-energies17.fr\/index.php?rest_route=\/wp\/v2\/pages\/1427"}],"collection":[{"href":"https:\/\/defi-energies17.fr\/index.php?rest_route=\/wp\/v2\/pages"}],"about":[{"href":"https:\/\/defi-energies17.fr\/index.php?rest_route=\/wp\/v2\/types\/page"}],"author":[{"embeddable":true,"href":"https:\/\/defi-energies17.fr\/index.php?rest_route=\/wp\/v2\/users\/3"}],"replies":[{"embeddable":true,"href":"https:\/\/defi-energies17.fr\/index.php?rest_route=%2Fwp%2Fv2%2Fcomments&post=1427"}],"version-history":[{"count":2,"href":"https:\/\/defi-energies17.fr\/index.php?rest_route=\/wp\/v2\/pages\/1427\/revisions"}],"predecessor-version":[{"id":1430,"href":"https:\/\/defi-energies17.fr\/index.php?rest_route=\/wp\/v2\/pages\/1427\/revisions\/1430"}],"up":[{"embeddable":true,"href":"https:\/\/defi-energies17.fr\/index.php?rest_route=\/wp\/v2\/pages\/173"}],"wp:attachment":[{"href":"https:\/\/defi-energies17.fr\/index.php?rest_route=%2Fwp%2Fv2%2Fmedia&parent=1427"}],"curies":[{"name":"wp","href":"https:\/\/api.w.org\/{rel}","templated":true}]}}