{"id":1404,"date":"2016-08-12T14:48:05","date_gmt":"2016-08-12T13:48:05","guid":{"rendered":"http:\/\/defi-energies17.fr\/?page_id=1404"},"modified":"2019-07-28T14:29:00","modified_gmt":"2019-07-28T13:29:00","slug":"lettres-dinfo-n51","status":"publish","type":"page","link":"https:\/\/defi-energies17.fr\/?page_id=1404","title":{"rendered":"Lettre d&rsquo;infos n\u00b051"},"content":{"rendered":"<p><span id=\"yui_3_16_0_1_1422520227212_12402\" style=\"font-family: Calibri; color: #000000;\"><span id=\"yui_3_16_0_1_1422520227212_12401\" style=\"font-family: Calibri;\">D\u00e9couvrez la lettre d&rsquo;infos n\u00b051 en cliquant <a style=\"color: #000000;\" href=\"http:\/\/defi-energies17.fr\/wp-content\/uploads\/2016\/08\/DE-17-Infos-n\u00b051_nov2015.pdf\"><big id=\"yui_3_16_0_1_1422520227212_12400\"><b id=\"yui_3_16_0_1_1422520227212_12399\">ICI<\/b><\/big><\/a><\/span><\/span><\/p>\n<p><span style=\"color: #000000;\">Vous pourrez entre autres y lire :<\/span><\/p>\n<ul id=\"yui_3_16_0_1_1422520227212_12340\">\n<li id=\"yui_3_16_0_1_1422520227212_12339\"><span style=\"color: #000000;\">Ils ont choisis la mobilit\u00e9 \u00e9lectrique: entretien avec des adh\u00e9rents qui roulent en voiture \u00e9lectrique<\/span><\/li>\n<li id=\"yui_3_16_0_1_1422520227212_12380\"><span id=\"yui_3_16_0_1_1422520227212_12409\" style=\"color: #000000;\">Scoop: Le stockage de l&rsquo;\u00e9lectricit\u00e9 pourrait \u00eatre multipli\u00e9 par 22<\/span><\/li>\n<li id=\"yui_3_16_0_1_1422520227212_12378\"><span style=\"color: #000000;\">Epargne citoyenne pour projet solaire au Grand Port de La Rochelle<em> = &gt; LUMO<\/em><em id=\"yui_3_16_0_1_1422520227212_12377\"><span id=\"yui_3_16_0_1_1422520227212_12376\"><\/span><\/em><\/span><\/li>\n<li id=\"yui_3_16_0_1_1422520227212_12343\"><span style=\"color: #000000;\">Faire fortune avec le CO2<\/span><\/li>\n<li><span style=\"color: #000000;\">Le Pacte pour la Transition Energ\u00e9tique<\/span><\/li>\n<li><span id=\"yui_3_16_0_1_1422520227212_12342\" style=\"color: #666666;\"><span style=\"color: #000000;\">Changement climatique et migrations<\/span><em id=\"yui_3_16_0_1_1422520227212_12374\"><\/em><\/span><\/li>\n<\/ul>\n","protected":false},"excerpt":{"rendered":"<p>D\u00e9couvrez la lettre d&rsquo;infos n\u00b051 en cliquant ICI Vous pourrez entre autres y lire : Ils ont choisis la mobilit\u00e9 \u00e9lectrique: entretien avec des adh\u00e9rents qui roulent en voiture \u00e9lectrique Scoop: Le stockage de l&rsquo;\u00e9lectricit\u00e9 pourrait \u00eatre multipli\u00e9 par 22 Epargne citoyenne pour projet solaire au Grand Port de La Rochelle = &gt; LUMO Faire [&hellip;]<\/p>\n","protected":false},"author":1,"featured_media":0,"parent":173,"menu_order":0,"comment_status":"closed","ping_status":"closed","template":"","meta":[],"_links":{"self":[{"href":"https:\/\/defi-energies17.fr\/index.php?rest_route=\/wp\/v2\/pages\/1404"}],"collection":[{"href":"https:\/\/defi-energies17.fr\/index.php?rest_route=\/wp\/v2\/pages"}],"about":[{"href":"https:\/\/defi-energies17.fr\/index.php?rest_route=\/wp\/v2\/types\/page"}],"author":[{"embeddable":true,"href":"https:\/\/defi-energies17.fr\/index.php?rest_route=\/wp\/v2\/users\/1"}],"replies":[{"embeddable":true,"href":"https:\/\/defi-energies17.fr\/index.php?rest_route=%2Fwp%2Fv2%2Fcomments&post=1404"}],"version-history":[{"count":2,"href":"https:\/\/defi-energies17.fr\/index.php?rest_route=\/wp\/v2\/pages\/1404\/revisions"}],"predecessor-version":[{"id":1408,"href":"https:\/\/defi-energies17.fr\/index.php?rest_route=\/wp\/v2\/pages\/1404\/revisions\/1408"}],"up":[{"embeddable":true,"href":"https:\/\/defi-energies17.fr\/index.php?rest_route=\/wp\/v2\/pages\/173"}],"wp:attachment":[{"href":"https:\/\/defi-energies17.fr\/index.php?rest_route=%2Fwp%2Fv2%2Fmedia&parent=1404"}],"curies":[{"name":"wp","href":"https:\/\/api.w.org\/{rel}","templated":true}]}}