{"id":1353,"date":"2016-01-16T16:30:54","date_gmt":"2016-01-16T15:30:54","guid":{"rendered":"http:\/\/defi-energies17.fr\/?page_id=1353"},"modified":"2019-07-28T14:29:00","modified_gmt":"2019-07-28T13:29:00","slug":"le-cout-de-lelectricite-du-nucleaire","status":"publish","type":"page","link":"https:\/\/defi-energies17.fr\/?page_id=1353","title":{"rendered":"Le co\u00fbt de l&rsquo;\u00e9lectricit\u00e9 du nucl\u00e9aire"},"content":{"rendered":"<h3>Analyse des donn\u00e9es rassembl\u00e9es par la Cour des comptes<\/h3>\n<p><a href=\"http:\/\/defi-energies17.fr\/wp-content\/uploads\/2016\/01\/13-02-26-Dossier-co\u00fbts-\u00e9lectricit\u00e9-nuc.pdf\">13-02-26-Dossier co\u00fbts \u00e9lectricit\u00e9 nuc<\/a><\/p>\n<p>Depuis le temps qu&rsquo;on nous dit que le nucl\u00e9aire fournit de l&rsquo;\u00e9lectricit\u00e9 pour un co\u00fbt tr\u00e8s bas \u2026<br \/>\nEt depuis le temps que les \u00e9colos listent toutes les d\u00e9penses en faveur du nucl\u00e9aire qui ne sont probablement pas (ou mal) prises en compte dans les co\u00fbts factur\u00e9s aux clients \u2026<br \/>\nEn 2011, face \u00e0 ces questions et interpellations sur les vrais co\u00fbts de l&rsquo;\u00e9lectricit\u00e9 d&rsquo;origine nucl\u00e9aire, Fran\u00e7ois Fillon, Premier Ministre, a demand\u00e9 \u00e0 un organisme ind\u00e9pendant, la Cour des Comptes, d&rsquo;\u00e9tudier le sujet.<br \/>\nElle a rendu son rapport au gouvernement en janvier 2012 : plus de 400 pages d&rsquo;investigations et d&rsquo;explications prudentes !<br \/>\nLa lecture que nous en faisons est la suivante : en exposant en d\u00e9tail les m\u00e9thodes qui ont conduit aux chiffres qu&rsquo;elle a publi\u00e9s, et les difficult\u00e9s qu&rsquo;elle a rencontr\u00e9es, la Cour des comptes nous invite \u00e0 prendre ces chiffres avec des pincettes ! En creusant un peu tout ce qu&rsquo;elle reconna\u00eet ne pas pouvoir valider, elle donne m\u00eame de bonnes raisons de les contester, et de mettre \u00e0 mal le mythe du nucl\u00e9aire pas cher. C&rsquo;est ce que d\u00e9taille ce dossier.<\/p>\n","protected":false},"excerpt":{"rendered":"<p>Analyse des donn\u00e9es rassembl\u00e9es par la Cour des comptes 13-02-26-Dossier co\u00fbts \u00e9lectricit\u00e9 nuc Depuis le temps qu&rsquo;on nous dit que le nucl\u00e9aire fournit de l&rsquo;\u00e9lectricit\u00e9 pour un co\u00fbt tr\u00e8s bas \u2026 Et depuis le temps que les \u00e9colos listent toutes les d\u00e9penses en faveur du nucl\u00e9aire qui ne sont probablement pas (ou mal) prises en [&hellip;]<\/p>\n","protected":false},"author":1,"featured_media":0,"parent":41,"menu_order":0,"comment_status":"closed","ping_status":"closed","template":"","meta":[],"_links":{"self":[{"href":"https:\/\/defi-energies17.fr\/index.php?rest_route=\/wp\/v2\/pages\/1353"}],"collection":[{"href":"https:\/\/defi-energies17.fr\/index.php?rest_route=\/wp\/v2\/pages"}],"about":[{"href":"https:\/\/defi-energies17.fr\/index.php?rest_route=\/wp\/v2\/types\/page"}],"author":[{"embeddable":true,"href":"https:\/\/defi-energies17.fr\/index.php?rest_route=\/wp\/v2\/users\/1"}],"replies":[{"embeddable":true,"href":"https:\/\/defi-energies17.fr\/index.php?rest_route=%2Fwp%2Fv2%2Fcomments&post=1353"}],"version-history":[{"count":6,"href":"https:\/\/defi-energies17.fr\/index.php?rest_route=\/wp\/v2\/pages\/1353\/revisions"}],"predecessor-version":[{"id":1401,"href":"https:\/\/defi-energies17.fr\/index.php?rest_route=\/wp\/v2\/pages\/1353\/revisions\/1401"}],"up":[{"embeddable":true,"href":"https:\/\/defi-energies17.fr\/index.php?rest_route=\/wp\/v2\/pages\/41"}],"wp:attachment":[{"href":"https:\/\/defi-energies17.fr\/index.php?rest_route=%2Fwp%2Fv2%2Fmedia&parent=1353"}],"curies":[{"name":"wp","href":"https:\/\/api.w.org\/{rel}","templated":true}]}}