{"id":1111,"date":"2015-06-03T11:07:28","date_gmt":"2015-06-03T10:07:28","guid":{"rendered":"http:\/\/defi-energies17.fr\/?page_id=1111"},"modified":"2019-07-28T14:29:00","modified_gmt":"2019-07-28T13:29:00","slug":"lettre-dinfos-n50","status":"publish","type":"page","link":"https:\/\/defi-energies17.fr\/?page_id=1111","title":{"rendered":"Lettre d&rsquo;infos n\u00b050"},"content":{"rendered":"<p><small><span style=\"font-family: Calibri;\">D\u00e9couvrez la lettre d&rsquo;infos n\u00b050 en cliquant <big><b><a href=\"http:\/\/defi-energies17.fr\/wp-content\/uploads\/2015\/06\/DE17-Infos-n%C2%B0-50-juin-2015.pdf\">ICI<\/a><br \/>\n<\/b><\/big><br \/>\nVous pourrez entre autres y lire :<br \/>\n<\/span><\/small><\/p>\n<ul>\n<li><small><span style=\"font-family: Calibri;\">Actions p\u00e9riscolaires de DE17 <\/span><\/small><small><span style=\"font-family: Calibri;\"><em><span style=\"color: #666666;\">=&gt; pr\u00e9sentation des actions p\u00e9dagogiques de l&rsquo;association<br \/>\n<\/span><\/em><\/span><\/small><\/li>\n<li><small><span style=\"font-family: Calibri;\">Qu&rsquo;est qui passe dans leur t\u00eate <\/span><\/small><small><span style=\"font-family: Calibri;\"><em><span style=\"color: #666666;\">=&gt; r\u00e9cit d&rsquo;une manifestation \u00e0 La Rochelle<br \/>\n<\/span><\/em><\/span><\/small><\/li>\n<li><small><span style=\"font-family: Calibri;\">Charbon contre nucl\u00e9aire <em><span style=\"color: #666666;\">=&gt; La \u00ab\u00a0solution\u00a0\u00bb allemande, du CO2 mais pas que&#8230;<br \/>\n<\/span><\/em><\/span><\/small><\/li>\n<li><small><span style=\"font-family: Calibri;\">D\u00e9couplage entre consommation d&rsquo;\u00e9nergie et croissance<\/span><\/small><small><span style=\"font-family: Calibri;\"> <span style=\"color: #666666;\">=&gt; <em>eh non, consommer moins d&rsquo;\u00e9nergie ne fera pas chuter le PIB, encore un argument qui tombe \u00e0 l&rsquo;eau&#8230;<\/em><\/span><\/span><\/small><\/li>\n<\/ul>\n<p><a href=\"http:\/\/defi-energies17.fr\/wp-content\/uploads\/2015\/06\/DE17-Infos-n\u00b0-50-juin-2015.pdf\">DE17 Infos n\u00b0 50 &#8211; juin 2015<\/a><\/p>\n","protected":false},"excerpt":{"rendered":"<p>D\u00e9couvrez la lettre d&rsquo;infos n\u00b050 en cliquant ICI Vous pourrez entre autres y lire : Actions p\u00e9riscolaires de DE17 =&gt; pr\u00e9sentation des actions p\u00e9dagogiques de l&rsquo;association Qu&rsquo;est qui passe dans leur t\u00eate =&gt; r\u00e9cit d&rsquo;une manifestation \u00e0 La Rochelle Charbon contre nucl\u00e9aire =&gt; La \u00ab\u00a0solution\u00a0\u00bb allemande, du CO2 mais pas que&#8230; D\u00e9couplage entre consommation d&rsquo;\u00e9nergie [&hellip;]<\/p>\n","protected":false},"author":1,"featured_media":0,"parent":0,"menu_order":0,"comment_status":"closed","ping_status":"open","template":"","meta":[],"_links":{"self":[{"href":"https:\/\/defi-energies17.fr\/index.php?rest_route=\/wp\/v2\/pages\/1111"}],"collection":[{"href":"https:\/\/defi-energies17.fr\/index.php?rest_route=\/wp\/v2\/pages"}],"about":[{"href":"https:\/\/defi-energies17.fr\/index.php?rest_route=\/wp\/v2\/types\/page"}],"author":[{"embeddable":true,"href":"https:\/\/defi-energies17.fr\/index.php?rest_route=\/wp\/v2\/users\/1"}],"replies":[{"embeddable":true,"href":"https:\/\/defi-energies17.fr\/index.php?rest_route=%2Fwp%2Fv2%2Fcomments&post=1111"}],"version-history":[{"count":1,"href":"https:\/\/defi-energies17.fr\/index.php?rest_route=\/wp\/v2\/pages\/1111\/revisions"}],"predecessor-version":[{"id":1112,"href":"https:\/\/defi-energies17.fr\/index.php?rest_route=\/wp\/v2\/pages\/1111\/revisions\/1112"}],"wp:attachment":[{"href":"https:\/\/defi-energies17.fr\/index.php?rest_route=%2Fwp%2Fv2%2Fmedia&parent=1111"}],"curies":[{"name":"wp","href":"https:\/\/api.w.org\/{rel}","templated":true}]}}