{"id":378,"date":"2014-12-08T14:49:29","date_gmt":"2014-12-08T13:49:29","guid":{"rendered":"http:\/\/defi-energies17.fr\/?page_id=378"},"modified":"2019-07-28T14:29:01","modified_gmt":"2019-07-28T13:29:01","slug":"debat-national-sur-la-transition-energerique","status":"publish","type":"page","link":"http:\/\/defi-energies17.fr\/?page_id=378","title":{"rendered":"D\u00e9bat national sur la transition \u00e9nerg\u00e9rique"},"content":{"rendered":"<p style=\"text-align: justify;\">L\u2019association vous propose une rubrique sur le d\u00e9bat national sur la transition \u00e9nerg\u00e9tique qui a\u00a0eu lieu\u00a0en octobre 2013.<\/p>\n<p style=\"text-align: justify;\">Voici l\u2019adresse du site officiel du d\u00e9bat\u00a0: <strong><a class=\"spip_out\" href=\"http:\/\/www.transition-energetique.gouv.fr\/\" target=\"_blank\" rel=\"external noopener noreferrer\">Site officiel du d\u00e9bat<\/a><\/strong><\/p>\n<p style=\"text-align: justify;\">Vous trouverez \u00e9galement dans cet espace:<\/p>\n<ul style=\"text-align: justify;\">\n<li><strong>\u00a0<a href=\"http:\/\/defi-energies17.fr\/wp-content\/uploads\/2014\/12\/2013-01-24_-_Dossier_de_Presse.pdf\" target=\"_blank\" rel=\"noopener noreferrer\">le dossier de presse<\/a> diffus\u00e9 lors de la conf\u00e9rence de presse le 24 janvier 2013 \u00e0 Paris.<\/strong><\/li>\n<\/ul>\n<ul style=\"text-align: justify;\">\n<li><strong><a title=\"Les chroniques de DE 17 : le d\u00e9bat sur la transition \u00e9nerg\u00e9tique\" href=\"http:\/\/defi-energies17.fr\/?p=389\" target=\"_blank\" rel=\"noopener noreferrer\">Les chroniques de D\u00e9fi Energies 17<\/a> qui sont parues chaque semaine pendant la dur\u00e9e du d\u00e9bat<\/strong><\/li>\n<\/ul>\n<ul>\n<li><strong>\u00a0<a href=\"http:\/\/defi-energies17.fr\/wp-content\/uploads\/2014\/12\/CONTRIBUTION_AU_DEBAT_TRANSITION.pdf\" target=\"_blank\" rel=\"noopener noreferrer\">la contribution de D\u00e9fi \u00e9nergies 17 <\/a>pour la synth\u00e8se r\u00e9gionale. 12\/06\/2013<\/strong><\/li>\n<\/ul>\n<ul>\n<li><strong>Le <a href=\"http:\/\/defi-energies17.fr\/wp-content\/uploads\/2015\/02\/financement-transition.pdf\" target=\"_blank\" rel=\"noopener noreferrer\">dossier sur le financement de la transition \u00e9nerg\u00e9tique<\/a><\/strong><\/li>\n<\/ul>\n<ul>\n<li><strong>un <a href=\"http:\/\/defi-energies17.fr\/wp-content\/uploads\/2014\/12\/13-02-27-Dossier_couts_electricite_nuc.pdf\" target=\"_blank\" rel=\"noopener noreferrer\">dossier<\/a> sur le co\u00fbt r\u00e9el de l\u2019\u00e9lectricit\u00e9 nucl\u00e9aire<\/strong>.<\/li>\n<\/ul>\n","protected":false},"excerpt":{"rendered":"<p>L\u2019association vous propose une rubrique sur le d\u00e9bat national sur la transition \u00e9nerg\u00e9tique qui a\u00a0eu lieu\u00a0en octobre 2013. Voici l\u2019adresse du site officiel du d\u00e9bat\u00a0: Site officiel du d\u00e9bat Vous trouverez \u00e9galement dans cet espace: \u00a0le dossier de presse diffus\u00e9 lors de la conf\u00e9rence de presse le 24 janvier 2013 \u00e0 Paris. Les chroniques de [&hellip;]<\/p>\n","protected":false},"author":2,"featured_media":0,"parent":376,"menu_order":0,"comment_status":"closed","ping_status":"open","template":"","meta":[],"_links":{"self":[{"href":"http:\/\/defi-energies17.fr\/index.php?rest_route=\/wp\/v2\/pages\/378"}],"collection":[{"href":"http:\/\/defi-energies17.fr\/index.php?rest_route=\/wp\/v2\/pages"}],"about":[{"href":"http:\/\/defi-energies17.fr\/index.php?rest_route=\/wp\/v2\/types\/page"}],"author":[{"embeddable":true,"href":"http:\/\/defi-energies17.fr\/index.php?rest_route=\/wp\/v2\/users\/2"}],"replies":[{"embeddable":true,"href":"http:\/\/defi-energies17.fr\/index.php?rest_route=%2Fwp%2Fv2%2Fcomments&post=378"}],"version-history":[{"count":15,"href":"http:\/\/defi-energies17.fr\/index.php?rest_route=\/wp\/v2\/pages\/378\/revisions"}],"predecessor-version":[{"id":1494,"href":"http:\/\/defi-energies17.fr\/index.php?rest_route=\/wp\/v2\/pages\/378\/revisions\/1494"}],"up":[{"embeddable":true,"href":"http:\/\/defi-energies17.fr\/index.php?rest_route=\/wp\/v2\/pages\/376"}],"wp:attachment":[{"href":"http:\/\/defi-energies17.fr\/index.php?rest_route=%2Fwp%2Fv2%2Fmedia&parent=378"}],"curies":[{"name":"wp","href":"https:\/\/api.w.org\/{rel}","templated":true}]}}