{"id":311,"date":"2014-11-24T16:35:28","date_gmt":"2014-11-24T15:35:28","guid":{"rendered":"http:\/\/defi-energies17.fr\/?page_id=311"},"modified":"2019-07-28T14:29:01","modified_gmt":"2019-07-28T13:29:01","slug":"la-caravane-du-soleil","status":"publish","type":"page","link":"http:\/\/defi-energies17.fr\/?page_id=311","title":{"rendered":"La caravane du soleil"},"content":{"rendered":"<p><span style=\"color: #800080;\"><strong>Voici la caravane du soleil d\u00e9pli\u00e9e et en pleine \u00ab\u00a0action\u00a0\u00bb<\/strong>\u00a0:<\/span> cellules photovolta\u00efques et chauffe-eau solaire.<\/p>\n<p>La Caravane du Soleil est un outil p\u00e9dagogique, support d\u2019information et de d\u00e9monstration, r\u00e9alis\u00e9 en 2005 par les adh\u00e9rents de l\u2019association en partenariat avec l\u2019ADEME, la R\u00e9gion Poitou-Charentes et D\u00e9fi \u00e9nergies 17.<\/p>\n<p><a href=\"http:\/\/defi-energies17.fr\/wp-content\/uploads\/2014\/11\/CDS-Luc.jpg\"><img decoding=\"async\" loading=\"lazy\" class=\"aligncenter wp-image-957\" src=\"http:\/\/defi-energies17.fr\/wp-content\/uploads\/2014\/11\/CDS-Luc.jpg\" alt=\"CDS+Luc\" width=\"502\" height=\"377\" \/><\/a><\/p>\n<p><span style=\"color: #800080;\"><strong>Cette remorque est \u00e9quip\u00e9e de mat\u00e9riels en fonctionnement\u00a0:<\/strong><\/span><\/p>\n<ul>\n<li>1 chauffe-eau solaire (1 capteur d\u2019 1 m\u00b2+ 1 ballon de 40 litres avec r\u00e9gulateur et circulateur) raccord\u00e9 \u00e0 un \u00e9vier et une douchette,<\/li>\n<li>2 panneaux photovolta\u00efques (de 55 Wc chacun)<\/li>\n<li>1 \u00e9olienne de 50 W alimentant 2 batteries,<\/li>\n<li>1 bloc cuisine avec frigo (12V), diverses lampes,<\/li>\n<li>1 onduleur pour convertir le courant continu produit en 230V alternatif afin d\u2019alimenter une s\u00e9rie de prises de courant &#8230;<\/li>\n<\/ul>\n<p><span style=\"color: #800080;\"><strong>A noter, les besoins pour l\u2019installation de la Caravane du soleil\u00a0:<\/strong><\/span><\/p>\n<ul>\n<li>espace suffisant pour man\u0153uvrer<\/li>\n<li>espace requis au sol pour le stand 4.5m x 2.5 m<\/li>\n<li>site expos\u00e9 au soleil, plein Sud (pas \u00e0 l\u2019ombre d\u2019un arbre ou masqu\u00e9 par un b\u00e2timent)<\/li>\n<li>acc\u00e8s \u00e0 l\u2019eau en continu (branchement avec raccord type jardin pour le tuyau d\u2019alimentation du chauffe eau solaire, 50 m disponible)<\/li>\n<\/ul>\n<p>L\u2019association dispose d\u2019un riche panel d\u2019outils p\u00e9dagogiques pour d\u00e9couvrir les \u00e9nergies renouvelables, comment utiliser la chaleur du soleil\u00a0: cuire, chauffer de l\u2019eau en exploitant l\u2019effet de serre et l\u2019absorption de la chaleur par le noir&#8230;<\/p>\n","protected":false},"excerpt":{"rendered":"<p>Voici la caravane du soleil d\u00e9pli\u00e9e et en pleine \u00ab\u00a0action\u00a0\u00bb\u00a0: cellules photovolta\u00efques et chauffe-eau solaire. La Caravane du Soleil est un outil p\u00e9dagogique, support d\u2019information et de d\u00e9monstration, r\u00e9alis\u00e9 en 2005 par les adh\u00e9rents de l\u2019association en partenariat avec l\u2019ADEME, la R\u00e9gion Poitou-Charentes et D\u00e9fi \u00e9nergies 17. Cette remorque est \u00e9quip\u00e9e de mat\u00e9riels en fonctionnement\u00a0: [&hellip;]<\/p>\n","protected":false},"author":2,"featured_media":0,"parent":167,"menu_order":0,"comment_status":"closed","ping_status":"open","template":"","meta":[],"_links":{"self":[{"href":"http:\/\/defi-energies17.fr\/index.php?rest_route=\/wp\/v2\/pages\/311"}],"collection":[{"href":"http:\/\/defi-energies17.fr\/index.php?rest_route=\/wp\/v2\/pages"}],"about":[{"href":"http:\/\/defi-energies17.fr\/index.php?rest_route=\/wp\/v2\/types\/page"}],"author":[{"embeddable":true,"href":"http:\/\/defi-energies17.fr\/index.php?rest_route=\/wp\/v2\/users\/2"}],"replies":[{"embeddable":true,"href":"http:\/\/defi-energies17.fr\/index.php?rest_route=%2Fwp%2Fv2%2Fcomments&post=311"}],"version-history":[{"count":8,"href":"http:\/\/defi-energies17.fr\/index.php?rest_route=\/wp\/v2\/pages\/311\/revisions"}],"predecessor-version":[{"id":959,"href":"http:\/\/defi-energies17.fr\/index.php?rest_route=\/wp\/v2\/pages\/311\/revisions\/959"}],"up":[{"embeddable":true,"href":"http:\/\/defi-energies17.fr\/index.php?rest_route=\/wp\/v2\/pages\/167"}],"wp:attachment":[{"href":"http:\/\/defi-energies17.fr\/index.php?rest_route=%2Fwp%2Fv2%2Fmedia&parent=311"}],"curies":[{"name":"wp","href":"https:\/\/api.w.org\/{rel}","templated":true}]}}