{"id":173,"date":"2014-04-09T11:53:32","date_gmt":"2014-04-09T10:53:32","guid":{"rendered":"http:\/\/defi-energies17.fr\/?page_id=173"},"modified":"2019-07-28T14:29:01","modified_gmt":"2019-07-28T13:29:01","slug":"lettre-dinfos","status":"publish","type":"page","link":"http:\/\/defi-energies17.fr\/?page_id=173","title":{"rendered":"Lettre d&rsquo;infos"},"content":{"rendered":"<p>Consultez nos bulletins d\u2019informations (reportages et t\u00e9moignages, informations g\u00e9n\u00e9rales, dossiers th\u00e9matiques, etc.)<\/p>\n<p><strong>Bulletin D\u00e9fi Energies 17 Infos n\u00b044 SP\u00c9CIAL 20 ans<\/strong><br \/>\n<a class=\"spip_out\" href=\"http:\/\/defi-energies17.fr\/wp-content\/uploads\/2014\/12\/n%C2%B044.pdf\" target=\"_blank\" rel=\"external noopener noreferrer\">BULLETIN D.E. N\u00b0\u00a044<\/a><br \/>\nLes oc\u00e9ans prennent leur \u00e9lan, D\u00e9fi \u00e9nergies 17 a 20 ans, R\u00e9trospective de 20 ann\u00e9es d\u2019existence, Les certificats d\u2019\u00e9conomie d\u2019\u00e9nergie, Faut-il couper son chauffage en partant, Les nouveaux livres \u00e0 l\u2019Espace Info \u00c9nergie<\/p>\n<p>&nbsp;<\/p>\n<p><strong>Bulletin D\u00e9fi Energies 17 Infos n\u00b043 SP\u00c9CIAL NUCL\u00c9AIRE<\/strong><br \/>\n<a class=\"spip_out\" href=\"http:\/\/defi-energies17.fr\/wp-content\/uploads\/2014\/12\/n%C2%B043.pdf\" target=\"_blank\" rel=\"external noopener noreferrer\">BULLETIN D.E. N\u00b0\u00a043<\/a><br \/>\nMerci \u00e0 la Cour des comptes &#8211; D\u00e9chets\u00a0: le miracle du stockage profond &#8211; La fusion\u00a0: et ITER\u00a0? &#8211; Avenir Radieux, le spectacle de Nicolas Lambert &#8211; Nucl\u00e9aire\u00a0: ils ont dit ou \u00e9crit &#8211; D\u00e9monstration par l\u2019absurde de l\u2019\u00e9lectronucl\u00e9aire &#8211; La th\u00e9orie des paris d\u2019argent<\/p>\n<p>&nbsp;<\/p>\n<p><strong>Bulletin D\u00e9fi Energies 17 Infos n\u00b042<\/strong><br \/>\n<a class=\"spip_out\" href=\"http:\/\/defi-energies17.fr\/wp-content\/uploads\/2014\/12\/n%C2%B042.pdf\" target=\"_blank\" rel=\"external noopener noreferrer\">BULLETIN D.E. N\u00b0\u00a042<\/a><br \/>\nQuand la r\u00e8glementation emp\u00eache d\u2019\u00eatre \u00e9conome &#8211; Un parc \u00e9olien citoyen en Bretagne &#8211; Un salon pour la croissance verte &#8211; Une b\u00e2timent \u00e9conome, beau et pas cher pour le CRER &#8211; Raccordement d\u2019installations \u00e0 \u00e9nergies renouvelables &#8211; Une ratatouille solaire en octobre &#8211; la plus vieille maison en paille est \u00e0 vendre<\/p>\n<p>&nbsp;<\/p>\n<p><strong>Bulletin D\u00e9fi Energies 17 Infos n\u00b041<\/strong><br \/>\n<a class=\"spip_out\" href=\"http:\/\/defi-energies17.fr\/wp-content\/uploads\/2014\/12\/n%C2%B041.pdf\" target=\"_blank\" rel=\"external noopener noreferrer\">BULLETIN D.E. N\u00b0\u00a041<\/a><br \/>\nLa croissance\u00a0? Mais o\u00f9\u00a0? &#8211; Les aides pour une maison \u00e9conome en \u00e9nergie &#8211; Une serre bioclimatique pour chauffer la maison 5-11 R\u00e9trospective des actions printani\u00e8res &#8211; Du solaire sur le bus du CAC\u00a0: c\u2019est fait\u00a0! &#8211; Bat\u2019 Sol\u2019\u00a0: tout marche\u00a0! &#8211; Stage cuiseurs solaires 14-15 Les \u00e9conomies d\u2019\u00e9nergie \u00e0 la baisse&#8230;<\/p>\n<p>&nbsp;<\/p>\n<p><strong><strong>Bulletin D\u00e9fi Energies 17 Infos n\u00b040<\/strong><br \/>\n<a class=\"spip_out\" href=\"http:\/\/defi-energies17.fr\/wp-content\/uploads\/2014\/12\/n%C2%B040.pdf\" target=\"_blank\" rel=\"external noopener noreferrer\">BULLETIN D.E. N\u00b0\u00a040<\/a><br \/>\n<\/strong>Isabelle Laroche nous quitte&#8230; &#8211; Isolants bio et confort d\u2019\u00e9t\u00e9 4-5 Habitez mieux en isolant vos toitures &#8211; Fukushima an 01\u00a0: manifestation \u00e0 La Rochelle &#8211; L\u2019inertie thermique, c\u2019est du lourd\u00a0! 7-10 La hausse des temp\u00e9ratures se confirme\u2026 &#8211; L\u2019essence est-elle trop ch\u00e8re\u00a0? &#8211; Du solaire pour le bus du CAC<\/p>\n<p>&nbsp;<\/p>\n<p><strong>Bulletin D\u00e9fi Energies 17 Infos n\u00b039<\/strong><br \/>\n<a class=\"spip_out\" href=\"http:\/\/defi-energies17.fr\/wp-content\/uploads\/2014\/12\/n%C2%B039.pdf\" target=\"_blank\" rel=\"external noopener noreferrer\">BULLETIN D.E. N\u00b0\u00a039<\/a><br \/>\n\u00c9ditorial &#8211; \u00c9volutions des prix des \u00e9nergies, \u00e7a chauffe\u00a0! &#8211; Peau neuve pour HLM \u00e0 La Rochelle &#8211; Une \u00a0\u00bb voiture \u00a0\u00bb \u00e9lectrique et ses utilisateurs<\/p>\n<p>&nbsp;<\/p>\n<p><strong>Bulletin D\u00e9fi Energies 17 Infos n\u00b038<\/strong><br \/>\n<a class=\"spip_out\" href=\"http:\/\/defi-energies17.fr\/wp-content\/uploads\/2014\/12\/n%C2%B038.pdf\" target=\"_blank\" rel=\"external noopener noreferrer\">BULLETIN D.E. N\u00b0\u00a038<\/a><br \/>\nEditorial &#8211; Aides r\u00e9gionales\u00a0: invitez vos voisins &#8211; Suivi trimestriel des installations photovolta\u00efques &#8211; Ventiler pour moins chauffer &#8211; Le petit \u00e9olien se dote d\u2019une charte professionnelle &#8211; L\u2019\u00e9lectricit\u00e9 en France en 2010 &#8211; Bat\u2019Sol\u2019\u00a0: mon petit bateau solaire, enfin\u00a0!<\/p>\n<p>&nbsp;<\/p>\n<p><strong>Bulletin D\u00e9fi Energies 17 Infos n\u00b037<\/strong><br \/>\n<a class=\"spip_out\" href=\"http:\/\/defi-energies17.fr\/wp-content\/uploads\/2014\/12\/n%C2%B037.pdf\" target=\"_blank\" rel=\"external noopener noreferrer\">BULLETIN D.E. N\u00b0\u00a037<\/a><br \/>\nEditorial &#8211; Un bel exemple de r\u00e9novation-extension \u00e0 La Rochelle &#8211; Consommations d\u2019appareils domestiques &#8211; Une \u00e9olienne pour le moissonneur &#8211; Vitry-le-Fran\u00e7ois 15 000 habitants &#8211; Enfin de l\u2019habitat collectif bioclimatique<\/p>\n<p>&nbsp;<\/p>\n<p><strong>Bulletin D\u00e9fi Energies 17 Infos n\u00b036<\/strong><br \/>\n<a class=\"spip_out\" href=\"http:\/\/defi-energies17.fr\/wp-content\/uploads\/2014\/12\/n%C2%B036.pdf\" target=\"_blank\" rel=\"external noopener noreferrer\">BULLETIN D.E. N\u00b0\u00a036<\/a><br \/>\nEditorial &#8211; 500 op\u00e9rations de proximit\u00e9- Empruntez nos vid\u00e9os &#8211; Isoler par l\u2019ext\u00e9rieur \u00e0 La Rochelle &#8211; Faut-il craindre les lampes basse consommation &#8211; L\u2019imposture de Claude All\u00e8gre &#8211; Rectificatif \u00e9olien &#8211; Fiction 2026 pour une ZUP de La Rochelle<\/p>\n<p>&nbsp;<\/p>\n<p><strong>Bulletin D\u00e9fi Energies 17 Infos n\u00b035<\/strong><br \/>\n<a class=\"spip_out\" href=\"http:\/\/defi-energies17.fr\/wp-content\/uploads\/2014\/12\/n%C2%B035.pdf\" target=\"_blank\" rel=\"external noopener noreferrer\">BULLETIN D.E. N\u00b0\u00a035<\/a><br \/>\nEditorial &#8211; Augmentez l\u2019inertie de votre po\u00eale &#8211; Le point sur l\u2019\u00e9olien &#8211; les taillis \u00e0 tr\u00e8s courte rotation &#8211; Des graphiques parlant<\/p>\n<p>&nbsp;<\/p>\n<p><strong>Bulletin D\u00e9fi Energies 17 Infos n\u00b034<\/strong><br \/>\n<a class=\"spip_out\" href=\"http:\/\/defi-energies17.fr\/wp-content\/uploads\/2014\/12\/n%C2%B034.pdf\" target=\"_blank\" rel=\"external noopener noreferrer\">BULLETIN D.E. N\u00b0\u00a034<\/a><br \/>\nEditorial &#8211; Isolation des combles et cables \u00e9lectriques &#8211; Un point sur les taillis \u00e0 tr\u00e8s courte rotation &#8211; L\u2019\u00e9olien offshore \u00e0 mar\u00e9e basse &#8211; Tassement des isolants &#8211; Ecohabitez &#8211; Fiche d\u2019identification des professionnels &#8211; La fiscalit\u00e9 \u00e9cologique<\/p>\n<p>&nbsp;<\/p>\n<p><strong>Bulletin D\u00e9fi Energies 17 Infos n\u00b033<\/strong><\/p>\n<p><a class=\"spip_out\" href=\"http:\/\/defi-energies17.fr\/wp-content\/uploads\/2014\/12\/n%C2%B033.pdf\" target=\"_blank\" rel=\"external noopener noreferrer\">BULLETIN D.E. N\u00b0\u00a033<\/a><br \/>\nEditorial &#8211; Travaux de r\u00e9novation &#8211; Fiche d\u2019identification des professionnels &#8211; La r\u00e9gulation sur le r\u00e9seau \u00e9lectrique &#8211; Programme p\u00e9dagogique \u00ab\u00a0Changements climatiques\u00a0\u00bb<\/p>\n<p>&nbsp;<\/p>\n<p><strong>Bulletin D\u00e9fi Energies 17 Infos n\u00b032<\/strong><br \/>\n<a class=\"spip_out\" href=\"http:\/\/www.defi-energies17.org\/IMG\/pdf\/N32-Oct09.pdf\" target=\"_blank\" rel=\"external noopener noreferrer\">BULLETIN D.E. N\u00b0\u00a032<\/a><br \/>\nEditorial &#8211; Pol\u00e9mique sur les ampoules \u00e0 basse consommation &#8211; stage d\u2019autoconstruction d\u2019\u00e9oliennes &#8211; Nouveaux locaux pour D\u00e9fi Energies 17 &#8211; Br\u00e8ves &#8211; Les \u00ab\u00a0Z\u2019anims\u00a0\u00bb en folie<\/p>\n<p>&nbsp;<\/p>\n<p><strong>Bulletin D\u00e9fi Energies 17 Infos n\u00b031<\/strong><br \/>\n<a class=\"spip_out\" href=\"http:\/\/www.defi-energies17.org\/IMG\/pdf\/DE17_Infos_no_31.pdf\" target=\"_blank\" rel=\"external noopener noreferrer\">BULLETIN D.E. N\u00b0\u00a031<\/a><br \/>\nEditorial &#8211; Quels documents par exemple sur les constructions paille &#8211; Chauffe eau solaire (presque) en auto-construction &#8211; Une maison \u00ab\u00a0tr\u00e8s basse consommation\u00a0\u00bb<\/p>\n<p>&nbsp;<\/p>\n<p><strong>Bulletin D\u00e9fi Energies 17 Infos n\u00b030<\/strong><br \/>\n<a class=\"spip_out\" href=\"http:\/\/www.defi-energies17.org\/IMG\/pdf\/DE17_n_30.pdf\" target=\"_blank\" rel=\"external noopener noreferrer\">BULLETIN D.E. N\u00b0\u00a030<\/a><br \/>\nEditorial &#8211; Br\u00e8ves &#8211; Des pionniers de l\u2019\u00e9nergie ont ouvert leurs portes &#8211; Questions et r\u00e9ponses entre adh\u00e9rents &#8211; Un nouvel outil de d\u00e9monstration<\/p>\n<p>&nbsp;<\/p>\n<p><strong>Bulletin D\u00e9fi Energies 17 Infos n\u00b029<\/strong><br \/>\n<a class=\"spip_out\" href=\"http:\/\/www.defi-energies17.org\/IMG\/pdf\/DE17_Infos_no_29.pdf\" target=\"_blank\" rel=\"external noopener noreferrer\">BULLETIN D.E. N\u00b0\u00a029<\/a><br \/>\nEditorial &#8211; D\u00e9fi Energies 17 dans les HLM &#8211; La mallette solaire devien valise solaire &#8211; Eau chaude enfin solaire en \u00ab\u00a0ZPPAUP\u00a0\u00bb &#8211; Br\u00e8ves<\/p>\n<p>&nbsp;<\/p>\n<p><strong>Bulletin D\u00e9fi Energies 17 Infos n\u00b028<\/strong><br \/>\n<a class=\"spip_out\" href=\"http:\/\/www.defi-energies17.org\/IMG\/pdf\/DE17_Infos_n28.pdf\" target=\"_blank\" rel=\"external noopener noreferrer\">BULLETIN D.E. N\u00b0\u00a028<\/a><br \/>\nEditorial &#8211; La Caravane du soleil relook\u00e9e &#8211; De l\u2019importance de l\u2019isolation &#8211; Br\u00e8ves &#8211; Du nouveau dans notre biblioth\u00e8que &#8211; Un exemple d\u2019isolation ext\u00e9rieure et bardage<\/p>\n<p>&nbsp;<\/p>\n<p><strong>Bulletin D\u00e9fi Energies 17 Infos n\u00b027<\/strong><\/p>\n<p><a class=\"spip_out\" href=\"http:\/\/www.defi-energies17.org\/IMG\/pdf\/DE_17_Infos_-_N_27.pdf\" target=\"_blank\" rel=\"external noopener noreferrer\">BULLETIN D.E. N\u00b0\u00a027<\/a><br \/>\nEditorial &#8211; Mon exp\u00e9rience avec un four solaire -Notre biblioth\u00e8que vous attend &#8211; Br\u00e8ves<\/p>\n<p>&nbsp;<\/p>\n<p><strong>Bulletin D\u00e9fi Energies 17 Infos n\u00b026<\/strong><br \/>\n<a class=\"spip_out\" href=\"http:\/\/www.defi-energies17.org\/IMG\/pdf\/N_26.pdf\" target=\"_blank\" rel=\"external noopener noreferrer\">BULLETIN D.E. N\u00b0\u00a026<\/a><br \/>\nEditorial &#8211; Maison autonome \u00e0 St Saturnin du Bois &#8211; Maison \u00ab\u00a0tout \u00e9lectrique\u00a0\u00bb tr\u00e8s am\u00e9lior\u00e9e &#8211; Les halog\u00e8nes c\u2019est pas \u00e9colo\u00a0! \u00e0 moins que&#8230; &#8211; Quelques animations de l\u2019EIE sur le terrain &#8211; La climatisation solaire\u00a0? c\u2019est possible\u00a0! &#8211; Grenelle de la cuisson solaire et \u00e9cologique<\/p>\n<p>&nbsp;<\/p>\n<p><strong>Bulletin D\u00e9fi Energies 17 Infos n\u00b025<\/strong><br \/>\n<a class=\"spip_out\" href=\"http:\/\/www.defi-energies17.org\/IMG\/pdf\/DE_17_Infos_no_25-.pdf\" target=\"_blank\" rel=\"external noopener noreferrer\">BULLETIN D.E. N\u00b0\u00a025<\/a><br \/>\nEditorial &#8211; Chauffage innovant de 10 000 m\u00b2 de serres &#8211; Maisons bois, maison paille&#8230; \u00e0 Vandr\u00e9 &#8211; A Pr\u00e9guillac, la municipalit\u00e9 pr\u00e9f\u00e8re le bois &#8211; Notre atelier marmite norv\u00e9gienne &#8211; Br\u00e8ves &#8211; Remise \u00e0 niveau pour la caravane du soleil &#8211; Equivalences entre unit\u00e9s d\u2019\u00e9nergie<\/p>\n<p>&nbsp;<\/p>\n<p><strong>Bulletin D\u00e9fi Energies 17 Infos n\u00b024<\/strong><br \/>\n<a class=\"spip_out\" href=\"http:\/\/www.defi-energies17.org\/IMG\/pdf\/DE_17_infos_n_24.pdf\" target=\"_blank\" rel=\"external noopener noreferrer\">BULLETIN D.E. N\u00b0\u00a024<\/a><br \/>\nEditorial &#8211; Les agrocarburants sont ils une solution\u00a0? &#8211; la pollution par le chauffage au bois &#8211; De nouveaux livres et revues vous attendent\u00a0! &#8211; Olivier et son voilier \u00ab\u00a0n\u00e9gawatt\u00a0\u00bb 14e sur 88 &#8211; Premier essai de capteur solaire tubulaire chez un adh\u00e9rent &#8211; Puissance ou \u00e9nergie\u00a0? essayons d\u2019y voir plus clair<\/p>\n<p>&nbsp;<\/p>\n<p><strong>Bulletin D\u00e9fi Energies 17 Infos n\u00b023<\/strong><br \/>\n<a class=\"spip_out\" href=\"http:\/\/www.defi-energies17.org\/IMG\/pdf\/n_23.pdf\" target=\"_blank\" rel=\"external noopener noreferrer\">BULLETIN D.E. N\u00b0\u00a023<\/a><br \/>\nEditorial &#8211; Lib\u00e9ralisation du tarif de l\u2019\u00e9lectricit\u00e9 &#8211; 90% des Fran\u00e7ais favorables \u00e0 l\u2019\u00e9olien- \u00e7a chauffe\u00a0! il faut agir vite &#8211; D\u00e9fi Energies 17 sur le terrain &#8211; Br\u00e8ves &#8211; Que penser des isolants minces r\u00e9fl\u00e9chissants\u00a0?<\/p>\n<p>&nbsp;<\/p>\n<p><strong>Bulletin D\u00e9fi Energies 17 Infos n\u00b022<\/strong><\/p>\n<p><a class=\"spip_out\" href=\"http:\/\/www.defi-energies17.org\/IMG\/pdf\/DE17_Infos_no_21-2.pdf\" target=\"_blank\" rel=\"external noopener noreferrer\">BULLETIN D.E. N\u00b0\u00a022<\/a><br \/>\nEditorial &#8211; L\u2019\u00e9olienne dans son jardin, il l\u2019a faite\u00a0! &#8211; Energie\u00a0: des aides pour la maison &#8211; Bulletin d\u2019adh\u00e9sion 2007 &#8211; Nouveaux regards sur la pr\u00e9carit\u00e9 \u00e9nerg\u00e9tique &#8211; D\u00e9fi Energies 17 en plein air\u00a0: 2 sorties de l\u2019association<\/p>\n<p>&nbsp;<\/p>\n<p><strong>Bulletin D\u00e9fi Energies 17 Infos n\u00b021<\/strong><br \/>\n<a class=\"spip_out\" href=\"http:\/\/www.defi-energies17.org\/IMG\/pdf\/DE17_Infos_no_21-2.pdf\" target=\"_blank\" rel=\"external noopener noreferrer\">BULLETIN D.E. N\u00b0\u00a021<\/a><br \/>\nEditorial &#8211; Halte au gaspillage par l\u2019\u00e9clairage &#8211; Eolien\u00a0: de bons arguments &#8211; Environnement et \u00e9nergie \u00e0 Vandr\u00e9 &#8211; Un cuiseur \u00e0 bois \u00e9conome pour l\u2019\u00e9t\u00e9 &#8211; Les chiffres de l\u2019\u00e9nergie en France<\/p>\n<p>&nbsp;<\/p>\n<p><strong>Bulletin D\u00e9fi Energies 17 Infos n\u00b020<\/strong><br \/>\n<a class=\"spip_out\" href=\"http:\/\/www.defi-energies17.org\/IMG\/pdf\/N_20_pour_mise_en_ligne-2.pdf\" target=\"_blank\" rel=\"external noopener noreferrer\">BULLETIN D.E. N\u00b0\u00a020<\/a><br \/>\nEditorial &#8211; Notre nouveau Conseil d\u2019Administration &#8211; Halte au gaspillage par les veilles &#8211; Apr\u00e8s Mireille, Isabelle &#8211; Une isolation int\u00e9rieure &#8211; Votre logement sous \u00e9tiquette<\/p>\n<p>&nbsp;<\/p>\n<p><strong>Bulletin D\u00e9fi Energies 17 Infos n\u00b019<\/strong><br \/>\n<a class=\"spip_out\" href=\"http:\/\/www.defi-energies17.org\/IMG\/pdf\/mer_17_-_infos_19.pdf\" target=\"_blank\" rel=\"external noopener noreferrer\">Sp\u00e9cial Petit \u00e9olien<\/a><br \/>\nEditorial, Bougeons\u00a0! &#8211; Chauffage au bois la simplicit\u00e9 et l\u2019efficacit\u00e9 d\u2019un po\u00eale de masse &#8211; Mes cuiseurs solaires, enfin\u00a0! &#8211; La pompe \u00e0 chaleur\u00a0: bon plan pour le consommateur ou pompe \u00e0 fric pour EDF\u00a0? &#8211; Installer un petit a\u00e9rog\u00e9n\u00e9rateur dans son jardin &#8211; Bignay, adieu les \u00e9oliennes &#8211; Bernay St Martin, bient\u00f4t bonjour les \u00e9oliennes\u00a0? &#8211; R\u00e9cup\u00e9ration de capteurs solaires\u00a0: jamais 2 sans 3\u00a0!<\/p>\n<p><strong>Bonus Sp\u00e9cial Petit Eolien\u00a0: catalogue petit \u00e9olien<\/strong><br \/>\n<a class=\"spip_out\" href=\"http:\/\/www.defi-energies17.org\/IMG\/pdf\/Catalogue_petit_eolien_bulletin_DE17_no19-2.pdf\" target=\"_blank\" rel=\"external noopener noreferrer\">BULLETIN D.E. N\u00b0\u00a019<\/a><\/p>\n<p>&nbsp;<\/p>\n<p>&nbsp;<\/p>\n","protected":false},"excerpt":{"rendered":"<p>Consultez nos bulletins d\u2019informations (reportages et t\u00e9moignages, informations g\u00e9n\u00e9rales, dossiers th\u00e9matiques, etc.) Bulletin D\u00e9fi Energies 17 Infos n\u00b044 SP\u00c9CIAL 20 ans BULLETIN D.E. N\u00b0\u00a044 Les oc\u00e9ans prennent leur \u00e9lan, D\u00e9fi \u00e9nergies 17 a 20 ans, R\u00e9trospective de 20 ann\u00e9es d\u2019existence, Les certificats d\u2019\u00e9conomie d\u2019\u00e9nergie, Faut-il couper son chauffage en partant, Les nouveaux livres \u00e0 l\u2019Espace [&hellip;]<\/p>\n","protected":false},"author":1,"featured_media":0,"parent":41,"menu_order":0,"comment_status":"closed","ping_status":"open","template":"","meta":[],"_links":{"self":[{"href":"http:\/\/defi-energies17.fr\/index.php?rest_route=\/wp\/v2\/pages\/173"}],"collection":[{"href":"http:\/\/defi-energies17.fr\/index.php?rest_route=\/wp\/v2\/pages"}],"about":[{"href":"http:\/\/defi-energies17.fr\/index.php?rest_route=\/wp\/v2\/types\/page"}],"author":[{"embeddable":true,"href":"http:\/\/defi-energies17.fr\/index.php?rest_route=\/wp\/v2\/users\/1"}],"replies":[{"embeddable":true,"href":"http:\/\/defi-energies17.fr\/index.php?rest_route=%2Fwp%2Fv2%2Fcomments&post=173"}],"version-history":[{"count":9,"href":"http:\/\/defi-energies17.fr\/index.php?rest_route=\/wp\/v2\/pages\/173\/revisions"}],"predecessor-version":[{"id":1470,"href":"http:\/\/defi-energies17.fr\/index.php?rest_route=\/wp\/v2\/pages\/173\/revisions\/1470"}],"up":[{"embeddable":true,"href":"http:\/\/defi-energies17.fr\/index.php?rest_route=\/wp\/v2\/pages\/41"}],"wp:attachment":[{"href":"http:\/\/defi-energies17.fr\/index.php?rest_route=%2Fwp%2Fv2%2Fmedia&parent=173"}],"curies":[{"name":"wp","href":"https:\/\/api.w.org\/{rel}","templated":true}]}}