{"id":1309,"date":"2015-10-02T11:28:26","date_gmt":"2015-10-02T10:28:26","guid":{"rendered":"http:\/\/defi-energies17.fr\/?page_id=1309"},"modified":"2019-07-28T14:29:00","modified_gmt":"2019-07-28T13:29:00","slug":"la-maquette-solaire","status":"publish","type":"page","link":"http:\/\/defi-energies17.fr\/?page_id=1309","title":{"rendered":"La maquette solaire"},"content":{"rendered":"\n<table id=\"tablepress-40\" class=\"tablepress tablepress-id-40\">\n<tbody>\n<tr class=\"row-1\">\n\t<td class=\"column-1\"><img src=\"http:\/\/defi-energies17.fr\/wp-content\/uploads\/2015\/01\/maquette-solaire.gif\" alt=\"maquette solaire\" width=\"200\" height=\"150\" class=\"alignnone size-full wp-image-610\" \/><\/td><td class=\"column-2\">La maquette solaire est constitu\u00e9e d'un panneau solaire que l'on peut relier \u00e0 divers \u00e9l\u00e9ments \u00e9lectroniques. Elle est utilis\u00e9e dans les animations \"\u00c9nergies renouvelables\" et \"\u00c9nergie solaire\"<\/td>\n<\/tr>\n<\/tbody>\n<\/table>\n<!-- #tablepress-40 from cache -->\n","protected":false},"excerpt":{"rendered":"","protected":false},"author":3,"featured_media":0,"parent":167,"menu_order":0,"comment_status":"closed","ping_status":"closed","template":"","meta":[],"_links":{"self":[{"href":"http:\/\/defi-energies17.fr\/index.php?rest_route=\/wp\/v2\/pages\/1309"}],"collection":[{"href":"http:\/\/defi-energies17.fr\/index.php?rest_route=\/wp\/v2\/pages"}],"about":[{"href":"http:\/\/defi-energies17.fr\/index.php?rest_route=\/wp\/v2\/types\/page"}],"author":[{"embeddable":true,"href":"http:\/\/defi-energies17.fr\/index.php?rest_route=\/wp\/v2\/users\/3"}],"replies":[{"embeddable":true,"href":"http:\/\/defi-energies17.fr\/index.php?rest_route=%2Fwp%2Fv2%2Fcomments&post=1309"}],"version-history":[{"count":1,"href":"http:\/\/defi-energies17.fr\/index.php?rest_route=\/wp\/v2\/pages\/1309\/revisions"}],"predecessor-version":[{"id":1310,"href":"http:\/\/defi-energies17.fr\/index.php?rest_route=\/wp\/v2\/pages\/1309\/revisions\/1310"}],"up":[{"embeddable":true,"href":"http:\/\/defi-energies17.fr\/index.php?rest_route=\/wp\/v2\/pages\/167"}],"wp:attachment":[{"href":"http:\/\/defi-energies17.fr\/index.php?rest_route=%2Fwp%2Fv2%2Fmedia&parent=1309"}],"curies":[{"name":"wp","href":"https:\/\/api.w.org\/{rel}","templated":true}]}}